{"id":4550,"date":"2025-09-29T15:37:21","date_gmt":"2025-09-29T13:37:21","guid":{"rendered":"https:\/\/mtps.fr\/politica-de-privacidad\/"},"modified":"2025-12-15T11:24:25","modified_gmt":"2025-12-15T10:24:25","slug":"politica-de-privacidad","status":"publish","type":"page","link":"https:\/\/mtps.fr\/es\/politica-de-privacidad\/","title":{"rendered":"Pol\u00edtica de privacidad"},"content":{"rendered":"\n<p>Pol\u00edtica de protecci\u00f3n de datos personales de la empresa MTPS.<\/p>\n\n<p>Cuando navega por este sitio web, MTPS recopila y utiliza datos personales sobre usted en su calidad de responsable del tratamiento.<br\/>MTPS se compromete a tratar los datos personales en estricto cumplimiento del Reglamento General de Protecci\u00f3n de Datos (Reglamento UE 2016\/679, de 27 de abril de 2016) y de la Ley n.\u00ba 78-17, de 6 de enero de 1978, modificada, relativa a la inform\u00e1tica, los ficheros y las libertades.<br\/>En esta p\u00e1gina se le informa sobre la forma en que se protegen y tratan sus datos personales en el sitio web. La gesti\u00f3n de las cookies se describe a continuaci\u00f3n. <\/p>\n\n<h2 class=\"wp-block-heading\">Finalidad del tratamiento de datos personales<\/h2>\n\n<p>Los datos personales se tratan con fines espec\u00edficos, expl\u00edcitos y leg\u00edtimos.<\/p>\n\n<p>Su finalidad es permitir:<\/p>\n\n<ul class=\"wp-block-list\">\n<li>Responder a las solicitudes y preguntas de los visitantes.<\/li>\n\n\n\n<li>Proporcionar a los visitantes la documentaci\u00f3n de MTPS que soliciten.<\/li>\n\n\n\n<li>Establecer una relaci\u00f3n cercana y comercial con los visitantes de este sitio web, tras obtener el consentimiento de los visitantes en cuesti\u00f3n.<\/li>\n<\/ul>\n\n<h2 class=\"wp-block-heading\">Naturaleza de los datos personales recopilados<\/h2>\n\n<p>Los datos personales recopilados son estrictamente necesarios para el objetivo perseguido por la recopilaci\u00f3n. MTPS vela por el principio de minimizaci\u00f3n de los datos recopilados. <\/p>\n\n<p>MTPS solo recopila los datos estrictamente necesarios para alcanzar los fines del tratamiento:<\/p>\n\n<ul class=\"wp-block-list\">\n<li>Objeto y contenido del mensaje enviado por el visitante a trav\u00e9s de nuestros formularios<\/li>\n<\/ul>\n\n<p>El car\u00e1cter obligatorio de los datos se indica en los formularios de recogida. No se realiza ninguna toma de decisiones automatizada. <\/p>\n\n<h2 class=\"wp-block-heading\">Fundamentos jur\u00eddicos del tratamiento de datos personales<\/h2>\n\n<p>El tratamiento de sus datos por parte de MTPS tiene como base jur\u00eddica el inter\u00e9s leg\u00edtimo, la ejecuci\u00f3n de medidas precontractuales y el establecimiento de la relaci\u00f3n contractual entre MTPS y los candidatos a un puesto de trabajo o a unas pr\u00e1cticas, as\u00ed como el consentimiento obtenido del visitante cuando sea aplicable. En cualquier momento, usted tiene la posibilidad de retirar su consentimiento para el tratamiento de sus datos poni\u00e9ndose en contacto con la direcci\u00f3n <a href=\"mailto:mtps@mtps.fr\">mtps@mtps<\/a>.fr o escribiendo a MTPS, 26 Route de Saint Salvy de la Balme, 81490 Noailhac. <\/p>\n\n<h2 class=\"wp-block-heading\">Destinatarios de los datos personales<\/h2>\n\n<p>Los datos se transmiten a MTPS, que se encarga de la explotaci\u00f3n del sitio web.<\/p>\n\n<h2 class=\"wp-block-heading\">Plazo de conservaci\u00f3n y supresi\u00f3n de los datos personales recopilados<\/h2>\n\n<ul class=\"wp-block-list\">\n<li>La informaci\u00f3n recopilada a trav\u00e9s de nuestros formularios se conserva durante un m\u00e1ximo de dos a\u00f1os.<\/li>\n\n\n\n<li>La informaci\u00f3n recopilada con el fin de establecer una relaci\u00f3n cercana y comercial con los visitantes de este sitio web se conserva durante un m\u00e1ximo de tres a\u00f1os tras su \u00faltimo contacto con MTPS.<\/li>\n\n\n\n<li>Los datos de identificaci\u00f3n de los usuarios se conservan durante el periodo de activaci\u00f3n de la cuenta. Los datos se eliminan cuando el usuario elimina su cuenta. <\/li>\n<\/ul>\n\n<p>A continuaci\u00f3n, se eliminan al final de su periodo de conservaci\u00f3n.<\/p>\n\n<h2 class=\"wp-block-heading\">Ubicaci\u00f3n de sus datos personales<\/h2>\n\n<p>Los datos personales tratados en el sitio web de MTPS son conservados en territorio franc\u00e9s por MTPS y en ning\u00fan caso son revendidos o cedidos a terceros.<\/p>\n\n<h2 class=\"wp-block-heading\">Sus derechos sobre sus datos personales<\/h2>\n\n<p>De conformidad con las disposiciones del Reglamento General de Protecci\u00f3n de Datos y la Ley de Protecci\u00f3n de Datos modificada, usted tiene derecho a acceder, consultar, oponerse por motivos leg\u00edtimos, rectificar y suprimir sus datos personales. Tambi\u00e9n tiene derecho a limitar el tratamiento y la portabilidad de sus datos personales, as\u00ed como a definir directrices relativas al destino de sus datos personales tras su fallecimiento. <\/p>\n\n<p><strong>Para ejercer sus derechos<\/strong>, puede ponerse en contacto con nosotros, acreditando su identidad, por correo electr\u00f3nico a la direcci\u00f3n <a href=\"mailto:mtps@mtps.fr\">mtps@mtps.fr<\/a> o escribiendo a MTPS, 26 Route de Saint Salvy de la Balme, 81490 Noailhac.<\/p>\n\n<p>Su solicitud se tramitar\u00e1 en un plazo m\u00e1ximo de un mes tras su recepci\u00f3n. No obstante, si dicho plazo se prolongara debido a la complejidad de su solicitud o al gran n\u00famero de solicitudes que se deban tramitar, se le informar\u00e1 de ello lo antes posible. <\/p>\n\n<p>Por \u00faltimo, tiene derecho a presentar una reclamaci\u00f3n ante la Comisi\u00f3n Nacional de Inform\u00e1tica y Libertades (CNIL) en caso de incumplimiento de la normativa aplicable en materia de protecci\u00f3n de datos personales y, en particular, del RGPD. Le invitamos a ponerse en contacto con nosotros antes de presentar cualquier reclamaci\u00f3n, para que podamos hacer todo lo posible por resolver el problema. <\/p>\n\n<h2 class=\"wp-block-heading\">Protecci\u00f3n de sus datos personales<\/h2>\n\n<p>Implementamos medidas de seguridad para garantizar la confidencialidad de sus datos personales y protegerlos contra el acceso, la manipulaci\u00f3n, la alteraci\u00f3n, la p\u00e9rdida o la destrucci\u00f3n por parte de terceros no autorizados.<br\/>El protocolo seguro HTTPS se utiliza para todos los intercambios entre su navegador y el sitio web de MTPS.<\/p>\n\n<p>El alojamiento de la plataforma se realiza en un sitio cuyas instalaciones y acceso a los equipos operativos est\u00e1n controlados. Los flujos de datos y los datos personales se cifran para prevenir intentos de apropiaci\u00f3n indebida de informaci\u00f3n. Se conservan los registros de acceso a la plataforma para garantizar su trazabilidad.  <\/p>\n\n<h2 class=\"wp-block-heading\">Contactar con el delegado de protecci\u00f3n de datos<\/h2>\n\n<p>Para cualquier consulta relacionada con el tratamiento de sus datos personales, puede ponerse en contacto con el delegado de protecci\u00f3n de datos de MTPS en la direcci\u00f3n <a href=\"mailto:mtps@mtps.fr\">mtps@mtps.fr<\/a> o escribir a MTPS, 26 Route de Saint Salvy de la Balme, 81490 Noailhac.<\/p>\n\n<h2 class=\"wp-block-heading\">Pol\u00edtica de gesti\u00f3n de cookies<\/h2>\n\n<h3 class=\"wp-block-heading\">\u00bfQu\u00e9 es una cookie? <\/h3>\n\n<p>Una cookie es un peque\u00f1o archivo de letras y n\u00fameros que se descarga en su dispositivo cuando accede a determinados sitios web o aplicaciones.<br\/>El objetivo de una cookie es, cuando es le\u00edda por un navegador, ayudar a un sitio web a mejorar el servicio prestado.<br\/>La cookie contiene varios datos: el nombre del servidor que la ha depositado, su vida \u00fatil y un identificador en forma de n\u00famero \u00fanico.<\/p>\n\n<h3 class=\"wp-block-heading\">\u00bfQui\u00e9n puede instalar cookies en su navegador y con qu\u00e9 finalidad?<\/h3>\n\n<p>MTPS puede instalar cookies en su navegador con el fin de garantizar el funcionamiento \u00f3ptimo del sitio web y conocer la frecuencia de visitas a nuestro sitio.<br\/>A continuaci\u00f3n se describen los fines detallados.<\/p>\n\n<p>\u00bfQu\u00e9 tipos de cookies se utilizan en el sitio web de MTPS y cu\u00e1l es su duraci\u00f3n?<\/p>\n\n<p>Los trazadores utilizados por MTPS se dividen en tres categor\u00edas:<\/p>\n\n<ul class=\"wp-block-list\">\n<li>Los rastreadores denominados \u00abestrictamente necesarios\u00bb, que no requieren su consentimiento previo, pero que son indispensables para el funcionamiento t\u00e9cnico de la plataforma. Contribuyen a su protecci\u00f3n y le permiten utilizar sus principales funciones. <\/li>\n\n\n\n<li>Cookies funcionales, que no son indispensables para navegar por nuestro sitio web, pero que permiten optimizar su funcionamiento y darle acceso a funciones espec\u00edficas.<\/li>\n\n\n\n<li>Cookies de medici\u00f3n de audiencia que permiten realizar estudios estad\u00edsticos con el fin de mejorar el sitio web.<\/li>\n<\/ul>\n\n<h4 class=\"wp-block-heading\">Trazadores exentos de consentimiento previo<\/h4>\n\n<p>MTPS utiliza estos rastreadores para permitir y facilitar la navegaci\u00f3n por el sitio web, en particular memorizando sus preferencias de navegaci\u00f3n definidas durante la sesi\u00f3n.<\/p>\n\n<p>La desactivaci\u00f3n de estos rastreadores se realiza exclusivamente a trav\u00e9s de la configuraci\u00f3n de su navegador. En principio, puede activar una funci\u00f3n de navegaci\u00f3n privada o simplemente prohibir o restringir las cookies. Tenga en cuenta que es posible que se hayan almacenado rastreadores en su dispositivo antes de configurar el navegador: en este caso, es necesario borrar el historial de navegaci\u00f3n, siempre utilizando la configuraci\u00f3n del navegador.  <\/p>\n\n<p>Estas cookies se conservan durante un m\u00e1ximo de 13 meses.<\/p>\n\n<p>Estas cookies son las siguientes:<\/p>\n\n<ul class=\"wp-block-list\">\n<li>Cookies de seguimiento: cookie de seguimiento del usuario para no volver a mostrar el banner de cookies a los usuarios que ya han dado su consentimiento.<br\/><strong>Duraci\u00f3n<\/strong>: 12 meses.<\/li>\n\n\n\n<li><strong>Cookies de sesi\u00f3n<\/strong>: Las cookies de sesi\u00f3n permiten al Sitio web seguir sus movimientos de una p\u00e1gina a otra para no pedirle la misma informaci\u00f3n que ya ha proporcionado al Sitio web. Las cookies le permiten navegar por numerosas p\u00e1ginas del Sitio de forma r\u00e1pida y sencilla sin tener que identificarse o volver a procesar cada nueva parte del Sitio que visita. Le permiten ser reconocido en el Sitio para que todos los cambios o todas las selecciones de datos que realice en una p\u00e1gina se mantengan en la memoria de una p\u00e1gina a otra.   <br\/>Duraci\u00f3n: expira al cerrar la p\u00e1gina web.<\/li>\n<\/ul>\n\n<h4 class=\"wp-block-heading\">Trazadores sujetos a su consentimiento previo<\/h4>\n\n<p>MTPS utiliza rastreadores bajo el control de terceros, que se enumeran a continuaci\u00f3n, y que est\u00e1n sujetos a consentimiento previo.<\/p>\n\n<p>Durante su primera visita al sitio web y hasta que usted se pronuncie al respecto, MTPS le informa de la presencia de cookies que requieren su consentimiento mediante un banner y le invita a indicar su elecci\u00f3n. Solo se almacenan si usted las acepta. Puede ajustar sus preferencias en materia de cookies en cualquier momento poni\u00e9ndose en contacto con el delegado de protecci\u00f3n de datos de MTPS en la direcci\u00f3n <a href=\"mailto:mtps@mtps.fr\">mtps@mtps.fr<\/a>.  <\/p>\n\n<p>Estas cookies son las siguientes:<\/p>\n\n<ul class=\"wp-block-list\">\n<li>Medidas de audiencia<br\/><strong>Google Analytics<\/strong>: cookie de medici\u00f3n de audiencia que sirve para recopilar datos que se utilizar\u00e1n para realizar estudios estad\u00edsticos. MTPS utiliza estos datos para identificar posibles disfunciones del sitio web y las mejoras que deben realizarse. Toda la informaci\u00f3n recopilada por estas cookies es an\u00f3nima. Google LLC tambi\u00e9n puede cruzarla con otras fuentes de datos para utilizarla con fines publicitarios.   <strong> <\/strong><br\/><strong>Vida \u00fatil<\/strong>: 13 meses. <a href=\"https:\/\/policies.google.com\/privacy?hl=fr\" target=\"_blank\" rel=\"noreferrer noopener\">M\u00e1s informaci\u00f3n<\/a>&#8230;<\/li>\n\n\n\n<li><strong>Redes sociales<\/strong> (<strong>duraci\u00f3n de la cookie<\/strong>: 13 meses, <strong>duraci\u00f3n de conservaci\u00f3n de los rastreadores<\/strong>: 25 meses): Instagram (<a href=\"https:\/\/privacycenter.instagram.com\/policies\/cookies\/\" target=\"_blank\" rel=\"noreferrer noopener\">m\u00e1s informaci\u00f3n<\/a>), Facebook (<a href=\"https:\/\/www.facebook.com\/policies\/cookies\/\" target=\"_blank\" rel=\"noreferrer noopener\">m\u00e1s informaci\u00f3n<\/a>).<br\/>Estas funciones utilizan cookies de terceros depositadas directamente por Google. Para obtener m\u00e1s informaci\u00f3n sobre el tratamiento de sus datos personales por parte de Google, puede consultar el siguiente enlace: <a href=\"https:\/\/policies.google.com\/privacy?hl=fr\" target=\"_blank\" rel=\"noreferrer noopener\">https:\/\/policies.google.com\/privacy?hl=fr.<\/a> <\/li>\n<\/ul>\n\n<h3 class=\"wp-block-heading\">\u00bfC\u00f3mo autorizar o rechazar la instalaci\u00f3n de cookies en su navegador?<\/h3>\n\n<p>En cualquier momento puede optar por eliminar o desactivar las cookies en su navegador. Cada navegador ofrece una soluci\u00f3n de configuraci\u00f3n para: <\/p>\n\n<ul class=\"wp-block-list\">\n<li>Informarle sobre las cookies que se almacenan en su ordenador.<\/li>\n\n\n\n<li>Permitirle aceptarlas o rechazarlas, caso por caso o de forma sistem\u00e1tica.<\/li>\n<\/ul>\n\n<p>Le informamos de que la desactivaci\u00f3n de una cookie ya instalada en su navegador la desactivar\u00e1, pero no desaparecer\u00e1 de su navegador hasta que finalice su vida \u00fatil.<\/p>\n\n<p>La gesti\u00f3n de las cookies depende de la configuraci\u00f3n de cada navegador, por lo que puede consultar el men\u00fa de ayuda de su navegador para modificar sus preferencias en materia de cookies. Estos ajustes se pueden realizar, en particular, a trav\u00e9s de los enlaces de los navegadores m\u00e1s comunes que se indican a continuaci\u00f3n: <\/p>\n\n<ul class=\"wp-block-list\">\n<li><strong><em>Si utiliza Microsoft Internet Explorer:<\/em><\/strong><br\/><a href=\"http:\/\/windows.microsoft.com\/en-GB\/windows-vista\/Block-or-allow-cookies\" target=\"_blank\" rel=\"noreferrer noopener\">http:\/\/windows.microsoft.com\/en-GB\/windows-vista\/Block-or-allow-cookies<\/a><\/li>\n\n\n\n<li><strong><em>Si utiliza Apple Safari:<\/em><\/strong><br\/><a href=\"https:\/\/support.apple.com\/kb\/ph21447?locale=en_US\" target=\"_blank\" rel=\"noreferrer noopener\">https:\/\/support.apple.com\/kb\/ph21447?locale=en_US<\/a><\/li>\n\n\n\n<li><strong>Si utiliza Mozilla Firefox:<\/strong><br\/><a href=\"https:\/\/support.mozilla.org\/en-US\/kb\/enhanced-tracking-protection-firefox-desktop\" target=\"_blank\" rel=\"noreferrer noopener\">https:\/\/support.mozilla.org\/en-US\/kb\/enhanced-tracking-protection-firefox-desktop<\/a><\/li>\n\n\n\n<li><strong><em>Si utiliza Google Chrome:<\/em><\/strong><br\/><a href=\"https:\/\/support.google.com\/chrome\/answer\/95647?hl=en&amp;hlrm=en\" target=\"_blank\" rel=\"noreferrer noopener\">https:\/\/support.google.com\/chrome\/answer\/95647?hl=en&amp;hlrm=en<\/a><\/li>\n<\/ul>\n\n<p>Tambi\u00e9n puede, en cualquier momento, <strong>revocar sus cookies<\/strong> o acceder a la <strong>configuraci\u00f3n <\/strong>haciendo clic en el icono de cookies situado en la parte inferior de la p\u00e1gina.<\/p>\n","protected":false},"excerpt":{"rendered":"<p>Pol\u00edtica de protecci\u00f3n de datos personales de la empresa MTPS. Cuando navega por este sitio web, MTPS recopila y utiliza datos personales sobre usted en su calidad de responsable del tratamiento.MTPS se compromete a tratar los datos personales en estricto cumplimiento del Reglamento General de Protecci\u00f3n de Datos (Reglamento UE 2016\/679, de 27 de abril [&hellip;]<\/p>\n","protected":false},"author":1,"featured_media":0,"parent":0,"menu_order":0,"comment_status":"closed","ping_status":"closed","template":"","meta":{"_acf_changed":false,"footnotes":""},"class_list":["post-4550","page","type-page","status-publish","hentry"],"acf":[],"yoast_head":"<!-- This site is optimized with the Yoast SEO plugin v27.4 - https:\/\/yoast.com\/product\/yoast-seo-wordpress\/ -->\n<title>Pol\u00edtica de privacidad - MTPS<\/title>\n<meta name=\"description\" content=\"Pol\u00edtica de protecci\u00f3n de datos personales de la empresa MTPS. Cuando navega por este sitio web, MTPS recopila y utiliza datos personales sobre usted en\" \/>\n<meta name=\"robots\" content=\"index, follow, max-snippet:-1, max-image-preview:large, max-video-preview:-1\" \/>\n<link rel=\"canonical\" href=\"https:\/\/mtps.fr\/es\/politica-de-privacidad\/\" \/>\n<meta property=\"og:locale\" content=\"es_ES\" \/>\n<meta property=\"og:type\" content=\"article\" \/>\n<meta property=\"og:title\" content=\"Pol\u00edtica de privacidad - MTPS\" \/>\n<meta property=\"og:description\" content=\"Pol\u00edtica de protecci\u00f3n de datos personales de la empresa MTPS. Cuando navega por este sitio web, MTPS recopila y utiliza datos personales sobre usted en\" \/>\n<meta property=\"og:url\" content=\"https:\/\/mtps.fr\/es\/politica-de-privacidad\/\" \/>\n<meta property=\"og:site_name\" content=\"MTPS\" \/>\n<meta property=\"article:modified_time\" content=\"2025-12-15T10:24:25+00:00\" \/>\n<meta property=\"og:image\" content=\"https:\/\/mtps.fr\/wp-content\/uploads\/2025\/11\/logo.png\" \/>\n\t<meta property=\"og:image:width\" content=\"360\" \/>\n\t<meta property=\"og:image:height\" content=\"143\" \/>\n\t<meta property=\"og:image:type\" content=\"image\/png\" \/>\n<meta name=\"twitter:card\" content=\"summary_large_image\" \/>\n<meta name=\"twitter:label1\" content=\"Tiempo de lectura\" \/>\n\t<meta name=\"twitter:data1\" content=\"10 minutos\" \/>\n<script type=\"application\/ld+json\" class=\"yoast-schema-graph\">{\"@context\":\"https:\\\/\\\/schema.org\",\"@graph\":[{\"@type\":\"WebPage\",\"@id\":\"https:\\\/\\\/mtps.fr\\\/es\\\/politica-de-privacidad\\\/\",\"url\":\"https:\\\/\\\/mtps.fr\\\/es\\\/politica-de-privacidad\\\/\",\"name\":\"Pol\u00edtica de privacidad - MTPS\",\"isPartOf\":{\"@id\":\"https:\\\/\\\/mtps.fr\\\/es\\\/#website\"},\"datePublished\":\"2025-09-29T13:37:21+00:00\",\"dateModified\":\"2025-12-15T10:24:25+00:00\",\"description\":\"Pol\u00edtica de protecci\u00f3n de datos personales de la empresa MTPS. Cuando navega por este sitio web, MTPS recopila y utiliza datos personales sobre usted en\",\"breadcrumb\":{\"@id\":\"https:\\\/\\\/mtps.fr\\\/es\\\/politica-de-privacidad\\\/#breadcrumb\"},\"inLanguage\":\"es\",\"potentialAction\":[{\"@type\":\"ReadAction\",\"target\":[\"https:\\\/\\\/mtps.fr\\\/es\\\/politica-de-privacidad\\\/\"]}]},{\"@type\":\"BreadcrumbList\",\"@id\":\"https:\\\/\\\/mtps.fr\\\/es\\\/politica-de-privacidad\\\/#breadcrumb\",\"itemListElement\":[{\"@type\":\"ListItem\",\"position\":1,\"name\":\"Home\",\"item\":\"https:\\\/\\\/mtps.fr\\\/es\\\/\"},{\"@type\":\"ListItem\",\"position\":2,\"name\":\"Pol\u00edtica de privacidad\"}]},{\"@type\":\"WebSite\",\"@id\":\"https:\\\/\\\/mtps.fr\\\/es\\\/#website\",\"url\":\"https:\\\/\\\/mtps.fr\\\/es\\\/\",\"name\":\"MTPS : Minage, Travaux Publics & Sp\u00e9ciaux\",\"description\":\"\",\"publisher\":{\"@id\":\"https:\\\/\\\/mtps.fr\\\/es\\\/#organization\"},\"potentialAction\":[{\"@type\":\"SearchAction\",\"target\":{\"@type\":\"EntryPoint\",\"urlTemplate\":\"https:\\\/\\\/mtps.fr\\\/es\\\/?s={search_term_string}\"},\"query-input\":{\"@type\":\"PropertyValueSpecification\",\"valueRequired\":true,\"valueName\":\"search_term_string\"}}],\"inLanguage\":\"es\"},{\"@type\":\"Organization\",\"@id\":\"https:\\\/\\\/mtps.fr\\\/es\\\/#organization\",\"name\":\"Site MTPS\",\"url\":\"https:\\\/\\\/mtps.fr\\\/es\\\/\",\"logo\":{\"@type\":\"ImageObject\",\"inLanguage\":\"es\",\"@id\":\"https:\\\/\\\/mtps.fr\\\/es\\\/#\\\/schema\\\/logo\\\/image\\\/\",\"url\":\"https:\\\/\\\/mtps.fr\\\/wp-content\\\/uploads\\\/2025\\\/11\\\/logo.png\",\"contentUrl\":\"https:\\\/\\\/mtps.fr\\\/wp-content\\\/uploads\\\/2025\\\/11\\\/logo.png\",\"width\":360,\"height\":143,\"caption\":\"Site MTPS\"},\"image\":{\"@id\":\"https:\\\/\\\/mtps.fr\\\/es\\\/#\\\/schema\\\/logo\\\/image\\\/\"}}]}<\/script>\n<!-- \/ Yoast SEO plugin. -->","yoast_head_json":{"title":"Pol\u00edtica de privacidad - MTPS","description":"Pol\u00edtica de protecci\u00f3n de datos personales de la empresa MTPS. Cuando navega por este sitio web, MTPS recopila y utiliza datos personales sobre usted en","robots":{"index":"index","follow":"follow","max-snippet":"max-snippet:-1","max-image-preview":"max-image-preview:large","max-video-preview":"max-video-preview:-1"},"canonical":"https:\/\/mtps.fr\/es\/politica-de-privacidad\/","og_locale":"es_ES","og_type":"article","og_title":"Pol\u00edtica de privacidad - MTPS","og_description":"Pol\u00edtica de protecci\u00f3n de datos personales de la empresa MTPS. Cuando navega por este sitio web, MTPS recopila y utiliza datos personales sobre usted en","og_url":"https:\/\/mtps.fr\/es\/politica-de-privacidad\/","og_site_name":"MTPS","article_modified_time":"2025-12-15T10:24:25+00:00","og_image":[{"width":360,"height":143,"url":"https:\/\/mtps.fr\/wp-content\/uploads\/2025\/11\/logo.png","type":"image\/png"}],"twitter_card":"summary_large_image","twitter_misc":{"Tiempo de lectura":"10 minutos"},"schema":{"@context":"https:\/\/schema.org","@graph":[{"@type":"WebPage","@id":"https:\/\/mtps.fr\/es\/politica-de-privacidad\/","url":"https:\/\/mtps.fr\/es\/politica-de-privacidad\/","name":"Pol\u00edtica de privacidad - MTPS","isPartOf":{"@id":"https:\/\/mtps.fr\/es\/#website"},"datePublished":"2025-09-29T13:37:21+00:00","dateModified":"2025-12-15T10:24:25+00:00","description":"Pol\u00edtica de protecci\u00f3n de datos personales de la empresa MTPS. Cuando navega por este sitio web, MTPS recopila y utiliza datos personales sobre usted en","breadcrumb":{"@id":"https:\/\/mtps.fr\/es\/politica-de-privacidad\/#breadcrumb"},"inLanguage":"es","potentialAction":[{"@type":"ReadAction","target":["https:\/\/mtps.fr\/es\/politica-de-privacidad\/"]}]},{"@type":"BreadcrumbList","@id":"https:\/\/mtps.fr\/es\/politica-de-privacidad\/#breadcrumb","itemListElement":[{"@type":"ListItem","position":1,"name":"Home","item":"https:\/\/mtps.fr\/es\/"},{"@type":"ListItem","position":2,"name":"Pol\u00edtica de privacidad"}]},{"@type":"WebSite","@id":"https:\/\/mtps.fr\/es\/#website","url":"https:\/\/mtps.fr\/es\/","name":"MTPS : Minage, Travaux Publics & Sp\u00e9ciaux","description":"","publisher":{"@id":"https:\/\/mtps.fr\/es\/#organization"},"potentialAction":[{"@type":"SearchAction","target":{"@type":"EntryPoint","urlTemplate":"https:\/\/mtps.fr\/es\/?s={search_term_string}"},"query-input":{"@type":"PropertyValueSpecification","valueRequired":true,"valueName":"search_term_string"}}],"inLanguage":"es"},{"@type":"Organization","@id":"https:\/\/mtps.fr\/es\/#organization","name":"Site MTPS","url":"https:\/\/mtps.fr\/es\/","logo":{"@type":"ImageObject","inLanguage":"es","@id":"https:\/\/mtps.fr\/es\/#\/schema\/logo\/image\/","url":"https:\/\/mtps.fr\/wp-content\/uploads\/2025\/11\/logo.png","contentUrl":"https:\/\/mtps.fr\/wp-content\/uploads\/2025\/11\/logo.png","width":360,"height":143,"caption":"Site MTPS"},"image":{"@id":"https:\/\/mtps.fr\/es\/#\/schema\/logo\/image\/"}}]}},"_links":{"self":[{"href":"https:\/\/mtps.fr\/es\/wp-json\/wp\/v2\/pages\/4550","targetHints":{"allow":["GET"]}}],"collection":[{"href":"https:\/\/mtps.fr\/es\/wp-json\/wp\/v2\/pages"}],"about":[{"href":"https:\/\/mtps.fr\/es\/wp-json\/wp\/v2\/types\/page"}],"author":[{"embeddable":true,"href":"https:\/\/mtps.fr\/es\/wp-json\/wp\/v2\/users\/1"}],"replies":[{"embeddable":true,"href":"https:\/\/mtps.fr\/es\/wp-json\/wp\/v2\/comments?post=4550"}],"version-history":[{"count":0,"href":"https:\/\/mtps.fr\/es\/wp-json\/wp\/v2\/pages\/4550\/revisions"}],"wp:attachment":[{"href":"https:\/\/mtps.fr\/es\/wp-json\/wp\/v2\/media?parent=4550"}],"curies":[{"name":"wp","href":"https:\/\/api.w.org\/{rel}","templated":true}]}}