{"id":4548,"date":"2025-09-29T15:24:18","date_gmt":"2025-09-29T13:24:18","guid":{"rendered":"https:\/\/mtps.fr\/aviso-legal\/"},"modified":"2025-12-15T09:47:31","modified_gmt":"2025-12-15T08:47:31","slug":"aviso-legal","status":"publish","type":"page","link":"https:\/\/mtps.fr\/es\/aviso-legal\/","title":{"rendered":"Aviso legal"},"content":{"rendered":"\n<h2 class=\"wp-block-heading\">Propietario del sitio web<\/h2>\n\n<p><strong>MTPS SAS Minage Travaux Publics &amp; Sp\u00e9ciaux<\/strong><br\/>26, route de Saint Salvy De La Balme,<br\/>81490 NOAILHAC<br\/>N\u00b0 Siret : <strong>397 475 880 00035<\/strong><br\/>Correo electr\u00f3nico: <a href=\"mailto:mtps@mtps.fr\">mtps@mtps.fr<\/a><a href=\"mailto:helpdesk.aficpar@gmail.com\" target=\"_blank\" rel=\"noreferrer noopener\"><br\/><\/a>Director \u00e9ditorial : Philippe CARAYOL<\/p>\n\n<h2 class=\"wp-block-heading\">Derechos de autor<\/h2>\n\n<p>Los derechos de autor de todo el contenido proporcionado en este sitio web pertenecen a MTPS o al tercero propietario del contenido. Sin perjuicio de las disposiciones presentes, ning\u00fan contenido de este sitio web puede ser copiado, reproducido, distribuido, republicado, descargado, mostrado, publicado en l\u00ednea ni transmitido en ninguna forma ni por ning\u00fan medio, incluyendo, en particular, en forma electr\u00f3nica, fotocopia mec\u00e1nica, grabaci\u00f3n u otros, sin la autorizaci\u00f3n previa por escrito de MTPS o del tercero propietario del contenido. El uso no autorizado del contenido de este sitio web puede constituir una violaci\u00f3n de las leyes de derechos de autor, las normativas de confidencialidad y publicidad, las leyes y normativas que rigen las comunicaciones, as\u00ed como otras leyes nacionales y locales.  <\/p>\n\n<h2 class=\"wp-block-heading\">Tratamiento de datos personales<\/h2>\n\n<p>En Francia, los datos personales est\u00e1n protegidos, en particular, por la ley n.\u00ba 78-87, de 6 de enero de 1978, la ley n.\u00ba 2004-801, de 6 de agosto de 2004, el art\u00edculo L. 226-13 del C\u00f3digo Penal y la Directiva Europea de 24 de octubre de 1995.<\/p>\n\n<p>Al utilizar el sitio web mtps.fr, se puede recopilar la siguiente informaci\u00f3n: la URL de los enlaces a trav\u00e9s de los cuales el usuario ha accedido al sitio web, el proveedor de acceso del usuario y la direcci\u00f3n de protocolo de Internet (IP) del usuario.<\/p>\n\n<p>En cualquier caso, <strong>MTPS <\/strong>solo recopila informaci\u00f3n personal relativa al usuario para las necesidades de determinados servicios ofrecidos por el sitio web mtps.fr. El usuario proporciona esta informaci\u00f3n con pleno conocimiento de causa, especialmente cuando la introduce \u00e9l mismo. En ese momento, se le indica al usuario del sitio web <strong>mtps.fr<\/strong> si es obligatorio o no proporcionar dicha informaci\u00f3n.  <\/p>\n\n<p>De conformidad con lo dispuesto en los art\u00edculos 38 y siguientes de la ley 78-17, de 6 de enero de 1978, relativa a la inform\u00e1tica, los ficheros y las libertades, todo usuario tiene derecho a acceder, rectificar y oponerse a los datos personales que le conciernen, mediante una solicitud por escrito y firmada, acompa\u00f1ada de una copia del documento de identidad con la firma del titular del mismo, en la que se especifique la direcci\u00f3n a la que debe enviarse la respuesta.<\/p>\n\n<p>Ninguna informaci\u00f3n personal del usuario del sitio web<strong> mtps.fr<\/strong> se publica sin el conocimiento del usuario, ni se intercambia, transfiere, cede o vende en ning\u00fan soporte a terceros. Solo en el caso de la adquisici\u00f3n de <strong>MTPS <\/strong>y sus derechos se permitir\u00eda la transmisi\u00f3n de dicha informaci\u00f3n al posible adquirente, que a su vez estar\u00eda sujeto a la misma obligaci\u00f3n. <\/p>\n\n<p>Las bases de datos est\u00e1n protegidas por las disposiciones de la ley del 1 de julio de 1998 que transpone la directiva 96\/9 del 11 de marzo de 1996 relativa a la protecci\u00f3n jur\u00eddica de las bases de datos.<\/p>\n\n<h2 class=\"wp-block-heading\">Creaci\u00f3n y alojamiento del sitio web<\/h2>\n\n<p><a href=\"http:\/\/www.caplaser.fr\/\" target=\"_blank\" rel=\"noreferrer noopener\"><strong>Caplaser Informatique<\/strong><\/a><br\/>Le Causse BP 40153 \u2013 Espace d\u2019entreprises<br\/>81103 CASTRES Cedex<br\/>T\u00e9l : 05 63 74 61 61<br\/>Fax : 05 63 74 61 57<br\/><a href=\"http:\/\/www.caplaser.fr\/\" target=\"_blank\" rel=\"noreferrer noopener\">www.caplaser.fr<\/a><\/p>\n","protected":false},"excerpt":{"rendered":"<p>Propietario del sitio web MTPS SAS Minage Travaux Publics &amp; Sp\u00e9ciaux26, route de Saint Salvy De La Balme,81490 NOAILHACN\u00b0 Siret : 397 475 880 00035Correo electr\u00f3nico: mtps@mtps.frDirector \u00e9ditorial : Philippe CARAYOL Derechos de autor Los derechos de autor de todo el contenido proporcionado en este sitio web pertenecen a MTPS o al tercero propietario del [&hellip;]<\/p>\n","protected":false},"author":1,"featured_media":0,"parent":0,"menu_order":0,"comment_status":"closed","ping_status":"closed","template":"","meta":{"_acf_changed":false,"footnotes":""},"class_list":["post-4548","page","type-page","status-publish","hentry"],"acf":[],"yoast_head":"<!-- This site is optimized with the Yoast SEO plugin v27.3 - https:\/\/yoast.com\/product\/yoast-seo-wordpress\/ -->\n<title>Aviso legal - MTPS<\/title>\n<meta name=\"description\" content=\"Propietario del sitio web MTPS SAS Minage Travaux Publics &amp; Sp\u00e9ciaux26, route de Saint Salvy De La Balme,81490 NOAILHACN\u00b0 Siret : 397 475 880\" \/>\n<meta name=\"robots\" content=\"index, follow, max-snippet:-1, max-image-preview:large, max-video-preview:-1\" \/>\n<link rel=\"canonical\" href=\"https:\/\/mtps.fr\/es\/aviso-legal\/\" \/>\n<meta property=\"og:locale\" content=\"es_ES\" \/>\n<meta property=\"og:type\" content=\"article\" \/>\n<meta property=\"og:title\" content=\"Aviso legal - MTPS\" \/>\n<meta property=\"og:description\" content=\"Propietario del sitio web MTPS SAS Minage Travaux Publics &amp; Sp\u00e9ciaux26, route de Saint Salvy De La Balme,81490 NOAILHACN\u00b0 Siret : 397 475 880\" \/>\n<meta property=\"og:url\" content=\"https:\/\/mtps.fr\/es\/aviso-legal\/\" \/>\n<meta property=\"og:site_name\" content=\"MTPS\" \/>\n<meta property=\"article:modified_time\" content=\"2025-12-15T08:47:31+00:00\" \/>\n<meta property=\"og:image\" content=\"https:\/\/mtps.fr\/wp-content\/uploads\/2025\/11\/logo.png\" \/>\n\t<meta property=\"og:image:width\" content=\"360\" \/>\n\t<meta property=\"og:image:height\" content=\"143\" \/>\n\t<meta property=\"og:image:type\" content=\"image\/png\" \/>\n<meta name=\"twitter:card\" content=\"summary_large_image\" \/>\n<meta name=\"twitter:label1\" content=\"Tiempo de lectura\" \/>\n\t<meta name=\"twitter:data1\" content=\"3 minutos\" \/>\n<script type=\"application\/ld+json\" class=\"yoast-schema-graph\">{\"@context\":\"https:\\\/\\\/schema.org\",\"@graph\":[{\"@type\":\"WebPage\",\"@id\":\"https:\\\/\\\/mtps.fr\\\/es\\\/aviso-legal\\\/\",\"url\":\"https:\\\/\\\/mtps.fr\\\/es\\\/aviso-legal\\\/\",\"name\":\"Aviso legal - MTPS\",\"isPartOf\":{\"@id\":\"https:\\\/\\\/mtps.fr\\\/es\\\/#website\"},\"datePublished\":\"2025-09-29T13:24:18+00:00\",\"dateModified\":\"2025-12-15T08:47:31+00:00\",\"description\":\"Propietario del sitio web MTPS SAS Minage Travaux Publics &amp; Sp\u00e9ciaux26, route de Saint Salvy De La Balme,81490 NOAILHACN\u00b0 Siret : 397 475 880\",\"breadcrumb\":{\"@id\":\"https:\\\/\\\/mtps.fr\\\/es\\\/aviso-legal\\\/#breadcrumb\"},\"inLanguage\":\"es\",\"potentialAction\":[{\"@type\":\"ReadAction\",\"target\":[\"https:\\\/\\\/mtps.fr\\\/es\\\/aviso-legal\\\/\"]}]},{\"@type\":\"BreadcrumbList\",\"@id\":\"https:\\\/\\\/mtps.fr\\\/es\\\/aviso-legal\\\/#breadcrumb\",\"itemListElement\":[{\"@type\":\"ListItem\",\"position\":1,\"name\":\"Home\",\"item\":\"https:\\\/\\\/mtps.fr\\\/es\\\/\"},{\"@type\":\"ListItem\",\"position\":2,\"name\":\"Aviso legal\"}]},{\"@type\":\"WebSite\",\"@id\":\"https:\\\/\\\/mtps.fr\\\/es\\\/#website\",\"url\":\"https:\\\/\\\/mtps.fr\\\/es\\\/\",\"name\":\"MTPS : Minage, Travaux Publics & Sp\u00e9ciaux\",\"description\":\"\",\"publisher\":{\"@id\":\"https:\\\/\\\/mtps.fr\\\/es\\\/#organization\"},\"potentialAction\":[{\"@type\":\"SearchAction\",\"target\":{\"@type\":\"EntryPoint\",\"urlTemplate\":\"https:\\\/\\\/mtps.fr\\\/es\\\/?s={search_term_string}\"},\"query-input\":{\"@type\":\"PropertyValueSpecification\",\"valueRequired\":true,\"valueName\":\"search_term_string\"}}],\"inLanguage\":\"es\"},{\"@type\":\"Organization\",\"@id\":\"https:\\\/\\\/mtps.fr\\\/es\\\/#organization\",\"name\":\"Site MTPS\",\"url\":\"https:\\\/\\\/mtps.fr\\\/es\\\/\",\"logo\":{\"@type\":\"ImageObject\",\"inLanguage\":\"es\",\"@id\":\"https:\\\/\\\/mtps.fr\\\/es\\\/#\\\/schema\\\/logo\\\/image\\\/\",\"url\":\"https:\\\/\\\/mtps.fr\\\/wp-content\\\/uploads\\\/2025\\\/11\\\/logo.png\",\"contentUrl\":\"https:\\\/\\\/mtps.fr\\\/wp-content\\\/uploads\\\/2025\\\/11\\\/logo.png\",\"width\":360,\"height\":143,\"caption\":\"Site MTPS\"},\"image\":{\"@id\":\"https:\\\/\\\/mtps.fr\\\/es\\\/#\\\/schema\\\/logo\\\/image\\\/\"}}]}<\/script>\n<!-- \/ Yoast SEO plugin. -->","yoast_head_json":{"title":"Aviso legal - MTPS","description":"Propietario del sitio web MTPS SAS Minage Travaux Publics &amp; Sp\u00e9ciaux26, route de Saint Salvy De La Balme,81490 NOAILHACN\u00b0 Siret : 397 475 880","robots":{"index":"index","follow":"follow","max-snippet":"max-snippet:-1","max-image-preview":"max-image-preview:large","max-video-preview":"max-video-preview:-1"},"canonical":"https:\/\/mtps.fr\/es\/aviso-legal\/","og_locale":"es_ES","og_type":"article","og_title":"Aviso legal - MTPS","og_description":"Propietario del sitio web MTPS SAS Minage Travaux Publics &amp; Sp\u00e9ciaux26, route de Saint Salvy De La Balme,81490 NOAILHACN\u00b0 Siret : 397 475 880","og_url":"https:\/\/mtps.fr\/es\/aviso-legal\/","og_site_name":"MTPS","article_modified_time":"2025-12-15T08:47:31+00:00","og_image":[{"width":360,"height":143,"url":"https:\/\/mtps.fr\/wp-content\/uploads\/2025\/11\/logo.png","type":"image\/png"}],"twitter_card":"summary_large_image","twitter_misc":{"Tiempo de lectura":"3 minutos"},"schema":{"@context":"https:\/\/schema.org","@graph":[{"@type":"WebPage","@id":"https:\/\/mtps.fr\/es\/aviso-legal\/","url":"https:\/\/mtps.fr\/es\/aviso-legal\/","name":"Aviso legal - MTPS","isPartOf":{"@id":"https:\/\/mtps.fr\/es\/#website"},"datePublished":"2025-09-29T13:24:18+00:00","dateModified":"2025-12-15T08:47:31+00:00","description":"Propietario del sitio web MTPS SAS Minage Travaux Publics &amp; Sp\u00e9ciaux26, route de Saint Salvy De La Balme,81490 NOAILHACN\u00b0 Siret : 397 475 880","breadcrumb":{"@id":"https:\/\/mtps.fr\/es\/aviso-legal\/#breadcrumb"},"inLanguage":"es","potentialAction":[{"@type":"ReadAction","target":["https:\/\/mtps.fr\/es\/aviso-legal\/"]}]},{"@type":"BreadcrumbList","@id":"https:\/\/mtps.fr\/es\/aviso-legal\/#breadcrumb","itemListElement":[{"@type":"ListItem","position":1,"name":"Home","item":"https:\/\/mtps.fr\/es\/"},{"@type":"ListItem","position":2,"name":"Aviso legal"}]},{"@type":"WebSite","@id":"https:\/\/mtps.fr\/es\/#website","url":"https:\/\/mtps.fr\/es\/","name":"MTPS : Minage, Travaux Publics & Sp\u00e9ciaux","description":"","publisher":{"@id":"https:\/\/mtps.fr\/es\/#organization"},"potentialAction":[{"@type":"SearchAction","target":{"@type":"EntryPoint","urlTemplate":"https:\/\/mtps.fr\/es\/?s={search_term_string}"},"query-input":{"@type":"PropertyValueSpecification","valueRequired":true,"valueName":"search_term_string"}}],"inLanguage":"es"},{"@type":"Organization","@id":"https:\/\/mtps.fr\/es\/#organization","name":"Site MTPS","url":"https:\/\/mtps.fr\/es\/","logo":{"@type":"ImageObject","inLanguage":"es","@id":"https:\/\/mtps.fr\/es\/#\/schema\/logo\/image\/","url":"https:\/\/mtps.fr\/wp-content\/uploads\/2025\/11\/logo.png","contentUrl":"https:\/\/mtps.fr\/wp-content\/uploads\/2025\/11\/logo.png","width":360,"height":143,"caption":"Site MTPS"},"image":{"@id":"https:\/\/mtps.fr\/es\/#\/schema\/logo\/image\/"}}]}},"_links":{"self":[{"href":"https:\/\/mtps.fr\/es\/wp-json\/wp\/v2\/pages\/4548","targetHints":{"allow":["GET"]}}],"collection":[{"href":"https:\/\/mtps.fr\/es\/wp-json\/wp\/v2\/pages"}],"about":[{"href":"https:\/\/mtps.fr\/es\/wp-json\/wp\/v2\/types\/page"}],"author":[{"embeddable":true,"href":"https:\/\/mtps.fr\/es\/wp-json\/wp\/v2\/users\/1"}],"replies":[{"embeddable":true,"href":"https:\/\/mtps.fr\/es\/wp-json\/wp\/v2\/comments?post=4548"}],"version-history":[{"count":0,"href":"https:\/\/mtps.fr\/es\/wp-json\/wp\/v2\/pages\/4548\/revisions"}],"wp:attachment":[{"href":"https:\/\/mtps.fr\/es\/wp-json\/wp\/v2\/media?parent=4548"}],"curies":[{"name":"wp","href":"https:\/\/api.w.org\/{rel}","templated":true}]}}