{"id":4403,"date":"2025-11-26T11:29:07","date_gmt":"2025-11-26T10:29:07","guid":{"rendered":"https:\/\/mtps.fr\/nuestra-profesion\/explicaciones-tecnicas\/obras-subterraneas\/"},"modified":"2026-02-09T14:12:38","modified_gmt":"2026-02-09T13:12:38","slug":"obras-subterraneas","status":"publish","type":"page","link":"https:\/\/mtps.fr\/es\/nuestra-profesion\/explicaciones-tecnicas\/obras-subterraneas\/","title":{"rendered":"Obras subterraneas"},"content":{"rendered":"<nav class=\"is-responsive sousmenu_explications wp-block-navigation is-layout-flex wp-block-navigation-is-layout-flex\" aria-label=\"Sous-menu explications techniques - Espagnol\" \n\t\t data-wp-interactive=\"core\/navigation\" data-wp-context='{\"overlayOpenedBy\":{\"click\":false,\"hover\":false,\"focus\":false},\"type\":\"overlay\",\"roleAttribute\":\"\",\"ariaLabel\":\"Men\\u00fa\"}'><button aria-haspopup=\"dialog\" aria-label=\"Abrir el men\u00fa\" class=\"wp-block-navigation__responsive-container-open\" \n\t\t\t\tdata-wp-on--click=\"actions.openMenuOnClick\"\n\t\t\t\tdata-wp-on--keydown=\"actions.handleMenuKeydown\"\n\t\t\t><svg width=\"24\" height=\"24\" xmlns=\"http:\/\/www.w3.org\/2000\/svg\" viewBox=\"0 0 24 24\" aria-hidden=\"true\" focusable=\"false\"><path d=\"M4 7.5h16v1.5H4z\"><\/path><path d=\"M4 15h16v1.5H4z\"><\/path><\/svg><\/button>\n\t\t\t\t<div class=\"wp-block-navigation__responsive-container\"  id=\"modal-1\" \n\t\t\t\tdata-wp-class--has-modal-open=\"state.isMenuOpen\"\n\t\t\t\tdata-wp-class--is-menu-open=\"state.isMenuOpen\"\n\t\t\t\tdata-wp-watch=\"callbacks.initMenu\"\n\t\t\t\tdata-wp-on--keydown=\"actions.handleMenuKeydown\"\n\t\t\t\tdata-wp-on--focusout=\"actions.handleMenuFocusout\"\n\t\t\t\ttabindex=\"-1\"\n\t\t\t>\n\t\t\t\t\t<div class=\"wp-block-navigation__responsive-close\" tabindex=\"-1\">\n\t\t\t\t\t\t<div class=\"wp-block-navigation__responsive-dialog\" \n\t\t\t\tdata-wp-bind--aria-modal=\"state.ariaModal\"\n\t\t\t\tdata-wp-bind--aria-label=\"state.ariaLabel\"\n\t\t\t\tdata-wp-bind--role=\"state.roleAttribute\"\n\t\t\t>\n\t\t\t\t\t\t\t<button aria-label=\"Cerrar el men\u00fa\" class=\"wp-block-navigation__responsive-container-close\" \n\t\t\t\tdata-wp-on--click=\"actions.closeMenuOnClick\"\n\t\t\t><svg xmlns=\"http:\/\/www.w3.org\/2000\/svg\" viewBox=\"0 0 24 24\" width=\"24\" height=\"24\" aria-hidden=\"true\" focusable=\"false\"><path d=\"m13.06 12 6.47-6.47-1.06-1.06L12 10.94 5.53 4.47 4.47 5.53 10.94 12l-6.47 6.47 1.06 1.06L12 13.06l6.47 6.47 1.06-1.06L13.06 12Z\"><\/path><\/svg><\/button>\n\t\t\t\t\t\t\t<div class=\"wp-block-navigation__responsive-container-content\" \n\t\t\t\tdata-wp-watch=\"callbacks.focusFirstElement\"\n\t\t\t id=\"modal-1-content\">\n\t\t\t\t\t\t\t\t<ul class=\"wp-block-navigation__container is-responsive sousmenu_explications wp-block-navigation\"><li class=\" wp-block-navigation-item wp-block-navigation-link\"><a class=\"wp-block-navigation-item__content\"  href=\"https:\/\/mtps.fr\/es\/nuestra-profesion\/explicaciones-tecnicas\/el-hormigon-proyectado\/\"><span class=\"wp-block-navigation-item__label\">El Hormigon Proyectado<\/span><\/a><\/li><li class=\" wp-block-navigation-item wp-block-navigation-link\"><a class=\"wp-block-navigation-item__content\"  href=\"https:\/\/mtps.fr\/es\/nuestra-profesion\/explicaciones-tecnicas\/clavado-de-suelos\/\"><span class=\"wp-block-navigation-item__label\">Clavado de suelos<\/span><\/a><\/li><li class=\" wp-block-navigation-item wp-block-navigation-link\"><a class=\"wp-block-navigation-item__content\"  href=\"https:\/\/mtps.fr\/es\/nuestra-profesion\/explicaciones-tecnicas\/trabajos-de-voladura\/\"><span class=\"wp-block-navigation-item__label\">Trabajos de voladura<\/span><\/a><\/li><li class=\" wp-block-navigation-item wp-block-navigation-link\"><a class=\"wp-block-navigation-item__content\"  href=\"https:\/\/mtps.fr\/es\/nuestra-profesion\/explicaciones-tecnicas\/micropilotes\/\"><span class=\"wp-block-navigation-item__label\">Micropilotes<\/span><\/a><\/li><li class=\" wp-block-navigation-item wp-block-navigation-link\"><a class=\"wp-block-navigation-item__content\"  href=\"https:\/\/mtps.fr\/es\/nuestra-profesion\/explicaciones-tecnicas\/obras-subterraneas\/\"><span class=\"wp-block-navigation-item__label\">Obras subterraneas<\/span><\/a><\/li><\/ul>\n\t\t\t\t\t\t\t<\/div>\n\t\t\t\t\t\t<\/div>\n\t\t\t\t\t<\/div>\n\t\t\t\t<\/div><\/nav>\n\n\n<div class=\"wp-block-columns is-layout-flex wp-container-core-columns-is-layout-9d6595d7 wp-block-columns-is-layout-flex\">\n<div class=\"wp-block-column is-layout-flow wp-block-column-is-layout-flow\">\n<h2 class=\"wp-block-heading\">El marco<\/h2>\n\n\n\n<p>Las obras subterraneas ocupan un lugar destacado en esta seccion del sitio consagrada a las \u00abexplicaciones t\u00e9cnicas\u00bb. Aunque no se trate propiamente de une t\u00e9cnica, este tema merece ser mencionado pues las obras en cuestion requieren una combinacion de m\u00e9todos y de t\u00e9cnicas que constituye su singularidad. <\/p>\n\n\n\n<p>Las obras subterrraneas incluyen :<\/p>\n\n\n\n<ul class=\"wp-block-list\">\n<li>la realizacion de galerias<\/li>\n\n\n\n<li>el tratamiento de galerias existentes<\/li>\n\n\n\n<li>el cierre de galerias<\/li>\n<\/ul>\n\n\n\n<h2 class=\"wp-block-heading\">Combinacion de t\u00e9cnicas<\/h2>\n\n\n\n<p>Las obras subterraneas requieren diferentes t\u00e9cnicas que deben ser aplicadas en medios confinados y de dificil acceso (lo cual resulta en condiciones dificultosas) :<\/p>\n\n\n\n<ul class=\"wp-block-list\">\n<li>Trabajos de voladura<\/li>\n\n\n\n<li>estructuras de contencion para marcos y galerias abovedadas<\/li>\n\n\n\n<li>clavado (o pinning)<\/li>\n\n\n\n<li>hormigonado (hormigon encofrado, proyectado\u2026)<\/li>\n\n\n\n<li>inyeccion (reforzamiento de terreno)<\/li>\n\n\n\n<li>Apuntalamiento de cimientos de cimientos de cimientos provisional y definitivo<\/li>\n\n\n\n<li>drenaje (bombeo, desaguaderos\u2026)<\/li>\n\n\n\n<li>perforacion de reconocimiento<\/li>\n\n\n\n<li>tratamiento del entorno<\/li>\n<\/ul>\n\n\n\n<figure class=\"wp-block-image size-full\"><img loading=\"lazy\" decoding=\"async\" width=\"202\" height=\"169\" src=\"https:\/\/mtps.fr\/wp-content\/uploads\/2025\/11\/soutenement.jpg\" alt=\"\" class=\"wp-image-4033\"\/><\/figure>\n\n\n\n<h2 class=\"wp-block-heading\">Estructuras de contencion<\/h2>\n\n\n\n<p>Cuando se trate de suelos o terrenos rocosos alterados, pueden considerarse varias t\u00e9cnicas:<\/p>\n\n\n\n<ul class=\"wp-block-list\">\n<li>elementos de hormigon prefabricado (utilizados por la mayor parte con TBM, maquinas para perforar tuneles)<\/li>\n\n\n\n<li>estructuras de metal para galerias abovedadas<\/li>\n\n\n\n<li>hormigon proyectado armado o fibrado al que pueden asociarse pernos<\/li>\n<\/ul>\n<\/div>\n\n\n\n<div class=\"wp-block-column is-layout-flow wp-block-column-is-layout-flow\">\n<figure class=\"wp-block-image size-full\"><img loading=\"lazy\" decoding=\"async\" width=\"239\" height=\"154\" src=\"https:\/\/mtps.fr\/wp-content\/uploads\/2025\/11\/creusement-galerie.jpg\" alt=\"\" class=\"wp-image-4034\"\/><\/figure>\n\n\n\n<h2 class=\"wp-block-heading\">T\u00e9cnicas de excavaciones<\/h2>\n\n\n\n<p>La excavacion de galerias tiene en cuenta varios parametros :<\/p>\n\n\n\n<ul class=\"wp-block-list\">\n<li>su geometria (tama\u00f1o, el que sean verticales u horizontales, extension\u2026)<\/li>\n\n\n\n<li>las condiciones hidrogeologicas<\/li>\n\n\n\n<li>las condiciones hidrogeologicas<\/li>\n<\/ul>\n\n\n\n<p>En zonas rocosas, las t\u00e9cnicas de mineria y el uso de maquinas para perforar tuneles son las mas corrientes.<\/p>\n\n\n\n<p>En el caso de suelos existen dos formas de accion:<\/p>\n\n\n\n<ul class=\"wp-block-list\">\n<li>voladuras o excavaciones con BRH (martillo perforador hidraulico) despu\u00e8s de inyectar los terrenos o reforzarlos con clavos<\/li>\n\n\n\n<li>maquinas para perforar tuneles con estructuras de contencion conforme progrese la obra<\/li>\n<\/ul>\n\n\n\n<h2 class=\"wp-block-heading\">El agua<\/h2>\n\n\n\n<p>Las obras subterraneas suelen ser afectadas por esfuerzos hidraulicos significativos. Varias operaciones pueden resultar necesarias : <\/p>\n\n\n\n<ul class=\"wp-block-list\">\n<li>puesta en obra de un sistema de drenaje para deprimir la napa freatica (perforacion asociada con bombeo)<\/li>\n\n\n\n<li>asociar trabajos de contencion y de estanqueidad<\/li>\n\n\n\n<li>asociar un dispositivo de drenaje con varios dispositivos de tratamiento ambiental en el seno mismo de la galeria.<\/li>\n<\/ul>\n<\/div>\n<\/div>\n\n\n\n<div class=\"wp-block-columns is-layout-flex wp-container-core-columns-is-layout-9d6595d7 wp-block-columns-is-layout-flex\">\n<div class=\"wp-block-column is-layout-flow wp-block-column-is-layout-flow\">\n<h2 class=\"wp-block-heading\">Rehabilitacion y equipo de galerias<\/h2>\n\n\n\n<p>Las obras subterraneas deben ser mantenidas con regularidad. Deberan tenerse en cuenta futuras operaciones de drenaje y de consolidacion. <\/p>\n\n\n\n<p>Las galerias acarrean obras anexas:<\/p>\n\n\n\n<ul class=\"wp-block-list\">\n<li>cierre del acceso a aquellas galerias que no se utilicen<\/li>\n\n\n\n<li>Instalacion de un dispositivo para acoger la fauna (por ej. planificar un acceso para quiropteros y reptiles)<\/li>\n\n\n\n<li>Instalacion de valvulas de evacuacion para eliminar la presion hidrostatica exterior (galerias de conduccion de agua) <\/li>\n\n\n\n<li>Instalacion de tratamiento de aguas (notablemente en galerias de voladura)<\/li>\n<\/ul>\n<\/div>\n\n\n\n<div class=\"wp-block-column is-layout-flow wp-block-column-is-layout-flow\">\n<div class=\"wp-block-media-text is-stacked-on-mobile\" style=\"grid-template-columns:20% auto\"><figure class=\"wp-block-media-text__media\"><img loading=\"lazy\" decoding=\"async\" width=\"55\" height=\"77\" src=\"https:\/\/mtps.fr\/wp-content\/uploads\/2025\/11\/gilles-MTPS-1.jpg\" alt=\"\" class=\"wp-image-4035 size-full\"\/><\/figure><div class=\"wp-block-media-text__content\">\n<p><strong><mark style=\"color:#ffe800\" class=\"has-inline-color\">El consejo de Gilles acerca de obras subterraneas : <\/mark><\/strong><\/p>\n\n\n\n<p><em>\u00abEn el caso de obras de rehabilitacion o de mantenimiento de tuneles de evacuacion de aguas usadas, es preciso asegurar una ventilacion adecuada asi como proporcionar las indispensables linternas individuales y un detector de gases MX2 o Multigaz Minitor.\u00bb<br><\/em><\/p>\n<\/div><\/div>\n<\/div>\n<\/div>\n\n\n\n<h2 class=\"wp-block-heading\">Precauciones<\/h2>\n\n\n\n<p>Es preciso ejercer prudencia pues las obras subterraneas pueden tener mayores consecuencias sobre el medio ambiente. Las intervenciones realizadas en medios urbanos requieren que se pague particular atencion a los movimientos causados por las excavaciones y por la permanencia a largo plazo de la obra. <\/p>\n\n\n\n<p>El mantenimiento de obras urbanas tales como los tuneles de alcantarillado requiere particular atencion debido a los gases que emanan de los efluentes cloacales.<\/p>\n\n\n\n<p>Se aconseja el uso de un hormigon adaptado a la agresividad del medio.<\/p>\n\n\n\n<figure class=\"wp-block-image size-full\"><img loading=\"lazy\" decoding=\"async\" width=\"341\" height=\"226\" src=\"https:\/\/mtps.fr\/wp-content\/uploads\/2025\/11\/entretien-ouvrages-urbains.jpg\" alt=\"\" class=\"wp-image-4036\" srcset=\"https:\/\/mtps.fr\/wp-content\/uploads\/2025\/11\/entretien-ouvrages-urbains.jpg 341w, https:\/\/mtps.fr\/wp-content\/uploads\/2025\/11\/entretien-ouvrages-urbains-300x199.jpg 300w\" sizes=\"auto, (max-width: 341px) 100vw, 341px\" \/><\/figure>\n","protected":false},"excerpt":{"rendered":"<p>El marco Las obras subterraneas ocupan un lugar destacado en esta seccion del sitio consagrada a las \u00abexplicaciones t\u00e9cnicas\u00bb. Aunque no se trate propiamente de une t\u00e9cnica, este tema merece ser mencionado pues las obras en cuestion requieren una combinacion de m\u00e9todos y de t\u00e9cnicas que constituye su singularidad. Las obras subterrraneas incluyen : Combinacion [&hellip;]<\/p>\n","protected":false},"author":1,"featured_media":0,"parent":4358,"menu_order":0,"comment_status":"closed","ping_status":"closed","template":"","meta":{"_acf_changed":false,"footnotes":""},"class_list":["post-4403","page","type-page","status-publish","hentry"],"acf":[],"yoast_head":"<!-- This site is optimized with the Yoast SEO plugin v27.3 - https:\/\/yoast.com\/product\/yoast-seo-wordpress\/ -->\n<title>Obras subterraneas - MTPS<\/title>\n<meta name=\"description\" content=\"El marco Las obras subterraneas ocupan un lugar destacado en esta seccion del sitio consagrada a las &quot;explicaciones t\u00e9cnicas&quot;. Aunque no se trate\" \/>\n<meta name=\"robots\" content=\"index, follow, max-snippet:-1, max-image-preview:large, max-video-preview:-1\" \/>\n<link rel=\"canonical\" href=\"https:\/\/mtps.fr\/es\/nuestra-profesion\/explicaciones-tecnicas\/obras-subterraneas\/\" \/>\n<meta property=\"og:locale\" content=\"es_ES\" \/>\n<meta property=\"og:type\" content=\"article\" \/>\n<meta property=\"og:title\" content=\"Obras subterraneas - MTPS\" \/>\n<meta property=\"og:description\" content=\"El marco Las obras subterraneas ocupan un lugar destacado en esta seccion del sitio consagrada a las &quot;explicaciones t\u00e9cnicas&quot;. Aunque no se trate\" \/>\n<meta property=\"og:url\" content=\"https:\/\/mtps.fr\/es\/nuestra-profesion\/explicaciones-tecnicas\/obras-subterraneas\/\" \/>\n<meta property=\"og:site_name\" content=\"MTPS\" \/>\n<meta property=\"article:modified_time\" content=\"2026-02-09T13:12:38+00:00\" \/>\n<meta property=\"og:image\" content=\"https:\/\/mtps.fr\/wp-content\/uploads\/2025\/11\/soutenement.jpg\" \/>\n\t<meta property=\"og:image:width\" content=\"202\" \/>\n\t<meta property=\"og:image:height\" content=\"169\" \/>\n\t<meta property=\"og:image:type\" content=\"image\/jpeg\" \/>\n<meta name=\"twitter:card\" content=\"summary_large_image\" \/>\n<meta name=\"twitter:label1\" content=\"Tiempo de lectura\" \/>\n\t<meta name=\"twitter:data1\" content=\"4 minutos\" \/>\n<script type=\"application\/ld+json\" class=\"yoast-schema-graph\">{\"@context\":\"https:\\\/\\\/schema.org\",\"@graph\":[{\"@type\":\"WebPage\",\"@id\":\"https:\\\/\\\/mtps.fr\\\/es\\\/nuestra-profesion\\\/explicaciones-tecnicas\\\/obras-subterraneas\\\/\",\"url\":\"https:\\\/\\\/mtps.fr\\\/es\\\/nuestra-profesion\\\/explicaciones-tecnicas\\\/obras-subterraneas\\\/\",\"name\":\"Obras subterraneas - MTPS\",\"isPartOf\":{\"@id\":\"https:\\\/\\\/mtps.fr\\\/es\\\/#website\"},\"primaryImageOfPage\":{\"@id\":\"https:\\\/\\\/mtps.fr\\\/es\\\/nuestra-profesion\\\/explicaciones-tecnicas\\\/obras-subterraneas\\\/#primaryimage\"},\"image\":{\"@id\":\"https:\\\/\\\/mtps.fr\\\/es\\\/nuestra-profesion\\\/explicaciones-tecnicas\\\/obras-subterraneas\\\/#primaryimage\"},\"thumbnailUrl\":\"https:\\\/\\\/mtps.fr\\\/wp-content\\\/uploads\\\/2025\\\/11\\\/soutenement.jpg\",\"datePublished\":\"2025-11-26T10:29:07+00:00\",\"dateModified\":\"2026-02-09T13:12:38+00:00\",\"description\":\"El marco Las obras subterraneas ocupan un lugar destacado en esta seccion del sitio consagrada a las \\\"explicaciones t\u00e9cnicas\\\". Aunque no se trate\",\"breadcrumb\":{\"@id\":\"https:\\\/\\\/mtps.fr\\\/es\\\/nuestra-profesion\\\/explicaciones-tecnicas\\\/obras-subterraneas\\\/#breadcrumb\"},\"inLanguage\":\"es\",\"potentialAction\":[{\"@type\":\"ReadAction\",\"target\":[\"https:\\\/\\\/mtps.fr\\\/es\\\/nuestra-profesion\\\/explicaciones-tecnicas\\\/obras-subterraneas\\\/\"]}]},{\"@type\":\"ImageObject\",\"inLanguage\":\"es\",\"@id\":\"https:\\\/\\\/mtps.fr\\\/es\\\/nuestra-profesion\\\/explicaciones-tecnicas\\\/obras-subterraneas\\\/#primaryimage\",\"url\":\"https:\\\/\\\/mtps.fr\\\/wp-content\\\/uploads\\\/2025\\\/11\\\/soutenement.jpg\",\"contentUrl\":\"https:\\\/\\\/mtps.fr\\\/wp-content\\\/uploads\\\/2025\\\/11\\\/soutenement.jpg\"},{\"@type\":\"BreadcrumbList\",\"@id\":\"https:\\\/\\\/mtps.fr\\\/es\\\/nuestra-profesion\\\/explicaciones-tecnicas\\\/obras-subterraneas\\\/#breadcrumb\",\"itemListElement\":[{\"@type\":\"ListItem\",\"position\":1,\"name\":\"Home\",\"item\":\"https:\\\/\\\/mtps.fr\\\/es\\\/\"},{\"@type\":\"ListItem\",\"position\":2,\"name\":\"Nuestra profesi\u00f3n\",\"item\":\"https:\\\/\\\/mtps.fr\\\/es\\\/nuestra-profesion\\\/\"},{\"@type\":\"ListItem\",\"position\":3,\"name\":\"Explicaciones t\u00e9cnicas\",\"item\":\"https:\\\/\\\/mtps.fr\\\/es\\\/nuestra-profesion\\\/explicaciones-tecnicas\\\/\"},{\"@type\":\"ListItem\",\"position\":4,\"name\":\"Obras subterraneas\"}]},{\"@type\":\"WebSite\",\"@id\":\"https:\\\/\\\/mtps.fr\\\/es\\\/#website\",\"url\":\"https:\\\/\\\/mtps.fr\\\/es\\\/\",\"name\":\"MTPS : Minage, Travaux Publics & Sp\u00e9ciaux\",\"description\":\"\",\"publisher\":{\"@id\":\"https:\\\/\\\/mtps.fr\\\/es\\\/#organization\"},\"potentialAction\":[{\"@type\":\"SearchAction\",\"target\":{\"@type\":\"EntryPoint\",\"urlTemplate\":\"https:\\\/\\\/mtps.fr\\\/es\\\/?s={search_term_string}\"},\"query-input\":{\"@type\":\"PropertyValueSpecification\",\"valueRequired\":true,\"valueName\":\"search_term_string\"}}],\"inLanguage\":\"es\"},{\"@type\":\"Organization\",\"@id\":\"https:\\\/\\\/mtps.fr\\\/es\\\/#organization\",\"name\":\"Site MTPS\",\"url\":\"https:\\\/\\\/mtps.fr\\\/es\\\/\",\"logo\":{\"@type\":\"ImageObject\",\"inLanguage\":\"es\",\"@id\":\"https:\\\/\\\/mtps.fr\\\/es\\\/#\\\/schema\\\/logo\\\/image\\\/\",\"url\":\"https:\\\/\\\/mtps.fr\\\/wp-content\\\/uploads\\\/2025\\\/11\\\/logo.png\",\"contentUrl\":\"https:\\\/\\\/mtps.fr\\\/wp-content\\\/uploads\\\/2025\\\/11\\\/logo.png\",\"width\":360,\"height\":143,\"caption\":\"Site MTPS\"},\"image\":{\"@id\":\"https:\\\/\\\/mtps.fr\\\/es\\\/#\\\/schema\\\/logo\\\/image\\\/\"}}]}<\/script>\n<!-- \/ Yoast SEO plugin. -->","yoast_head_json":{"title":"Obras subterraneas - MTPS","description":"El marco Las obras subterraneas ocupan un lugar destacado en esta seccion del sitio consagrada a las \"explicaciones t\u00e9cnicas\". Aunque no se trate","robots":{"index":"index","follow":"follow","max-snippet":"max-snippet:-1","max-image-preview":"max-image-preview:large","max-video-preview":"max-video-preview:-1"},"canonical":"https:\/\/mtps.fr\/es\/nuestra-profesion\/explicaciones-tecnicas\/obras-subterraneas\/","og_locale":"es_ES","og_type":"article","og_title":"Obras subterraneas - MTPS","og_description":"El marco Las obras subterraneas ocupan un lugar destacado en esta seccion del sitio consagrada a las \"explicaciones t\u00e9cnicas\". Aunque no se trate","og_url":"https:\/\/mtps.fr\/es\/nuestra-profesion\/explicaciones-tecnicas\/obras-subterraneas\/","og_site_name":"MTPS","article_modified_time":"2026-02-09T13:12:38+00:00","og_image":[{"width":202,"height":169,"url":"https:\/\/mtps.fr\/wp-content\/uploads\/2025\/11\/soutenement.jpg","type":"image\/jpeg"}],"twitter_card":"summary_large_image","twitter_misc":{"Tiempo de lectura":"4 minutos"},"schema":{"@context":"https:\/\/schema.org","@graph":[{"@type":"WebPage","@id":"https:\/\/mtps.fr\/es\/nuestra-profesion\/explicaciones-tecnicas\/obras-subterraneas\/","url":"https:\/\/mtps.fr\/es\/nuestra-profesion\/explicaciones-tecnicas\/obras-subterraneas\/","name":"Obras subterraneas - MTPS","isPartOf":{"@id":"https:\/\/mtps.fr\/es\/#website"},"primaryImageOfPage":{"@id":"https:\/\/mtps.fr\/es\/nuestra-profesion\/explicaciones-tecnicas\/obras-subterraneas\/#primaryimage"},"image":{"@id":"https:\/\/mtps.fr\/es\/nuestra-profesion\/explicaciones-tecnicas\/obras-subterraneas\/#primaryimage"},"thumbnailUrl":"https:\/\/mtps.fr\/wp-content\/uploads\/2025\/11\/soutenement.jpg","datePublished":"2025-11-26T10:29:07+00:00","dateModified":"2026-02-09T13:12:38+00:00","description":"El marco Las obras subterraneas ocupan un lugar destacado en esta seccion del sitio consagrada a las \"explicaciones t\u00e9cnicas\". Aunque no se trate","breadcrumb":{"@id":"https:\/\/mtps.fr\/es\/nuestra-profesion\/explicaciones-tecnicas\/obras-subterraneas\/#breadcrumb"},"inLanguage":"es","potentialAction":[{"@type":"ReadAction","target":["https:\/\/mtps.fr\/es\/nuestra-profesion\/explicaciones-tecnicas\/obras-subterraneas\/"]}]},{"@type":"ImageObject","inLanguage":"es","@id":"https:\/\/mtps.fr\/es\/nuestra-profesion\/explicaciones-tecnicas\/obras-subterraneas\/#primaryimage","url":"https:\/\/mtps.fr\/wp-content\/uploads\/2025\/11\/soutenement.jpg","contentUrl":"https:\/\/mtps.fr\/wp-content\/uploads\/2025\/11\/soutenement.jpg"},{"@type":"BreadcrumbList","@id":"https:\/\/mtps.fr\/es\/nuestra-profesion\/explicaciones-tecnicas\/obras-subterraneas\/#breadcrumb","itemListElement":[{"@type":"ListItem","position":1,"name":"Home","item":"https:\/\/mtps.fr\/es\/"},{"@type":"ListItem","position":2,"name":"Nuestra profesi\u00f3n","item":"https:\/\/mtps.fr\/es\/nuestra-profesion\/"},{"@type":"ListItem","position":3,"name":"Explicaciones t\u00e9cnicas","item":"https:\/\/mtps.fr\/es\/nuestra-profesion\/explicaciones-tecnicas\/"},{"@type":"ListItem","position":4,"name":"Obras subterraneas"}]},{"@type":"WebSite","@id":"https:\/\/mtps.fr\/es\/#website","url":"https:\/\/mtps.fr\/es\/","name":"MTPS : Minage, Travaux Publics & Sp\u00e9ciaux","description":"","publisher":{"@id":"https:\/\/mtps.fr\/es\/#organization"},"potentialAction":[{"@type":"SearchAction","target":{"@type":"EntryPoint","urlTemplate":"https:\/\/mtps.fr\/es\/?s={search_term_string}"},"query-input":{"@type":"PropertyValueSpecification","valueRequired":true,"valueName":"search_term_string"}}],"inLanguage":"es"},{"@type":"Organization","@id":"https:\/\/mtps.fr\/es\/#organization","name":"Site MTPS","url":"https:\/\/mtps.fr\/es\/","logo":{"@type":"ImageObject","inLanguage":"es","@id":"https:\/\/mtps.fr\/es\/#\/schema\/logo\/image\/","url":"https:\/\/mtps.fr\/wp-content\/uploads\/2025\/11\/logo.png","contentUrl":"https:\/\/mtps.fr\/wp-content\/uploads\/2025\/11\/logo.png","width":360,"height":143,"caption":"Site MTPS"},"image":{"@id":"https:\/\/mtps.fr\/es\/#\/schema\/logo\/image\/"}}]}},"_links":{"self":[{"href":"https:\/\/mtps.fr\/es\/wp-json\/wp\/v2\/pages\/4403","targetHints":{"allow":["GET"]}}],"collection":[{"href":"https:\/\/mtps.fr\/es\/wp-json\/wp\/v2\/pages"}],"about":[{"href":"https:\/\/mtps.fr\/es\/wp-json\/wp\/v2\/types\/page"}],"author":[{"embeddable":true,"href":"https:\/\/mtps.fr\/es\/wp-json\/wp\/v2\/users\/1"}],"replies":[{"embeddable":true,"href":"https:\/\/mtps.fr\/es\/wp-json\/wp\/v2\/comments?post=4403"}],"version-history":[{"count":0,"href":"https:\/\/mtps.fr\/es\/wp-json\/wp\/v2\/pages\/4403\/revisions"}],"up":[{"embeddable":true,"href":"https:\/\/mtps.fr\/es\/wp-json\/wp\/v2\/pages\/4358"}],"wp:attachment":[{"href":"https:\/\/mtps.fr\/es\/wp-json\/wp\/v2\/media?parent=4403"}],"curies":[{"name":"wp","href":"https:\/\/api.w.org\/{rel}","templated":true}]}}