{"id":4386,"date":"2025-11-26T11:29:59","date_gmt":"2025-11-26T10:29:59","guid":{"rendered":"https:\/\/mtps.fr\/nuestra-profesion\/explicaciones-tecnicas\/trabajos-de-voladura\/"},"modified":"2026-02-09T11:51:27","modified_gmt":"2026-02-09T10:51:27","slug":"trabajos-de-voladura","status":"publish","type":"page","link":"https:\/\/mtps.fr\/es\/nuestra-profesion\/explicaciones-tecnicas\/trabajos-de-voladura\/","title":{"rendered":"Trabajos de voladura"},"content":{"rendered":"<nav class=\"is-responsive sousmenu_explications wp-block-navigation is-layout-flex wp-block-navigation-is-layout-flex\" aria-label=\"Sous-menu explications techniques - Espagnol\" \n\t\t data-wp-interactive=\"core\/navigation\" data-wp-context='{\"overlayOpenedBy\":{\"click\":false,\"hover\":false,\"focus\":false},\"type\":\"overlay\",\"roleAttribute\":\"\",\"ariaLabel\":\"Men\\u00fa\"}'><button aria-haspopup=\"dialog\" aria-label=\"Abrir el men\u00fa\" class=\"wp-block-navigation__responsive-container-open\" \n\t\t\t\tdata-wp-on--click=\"actions.openMenuOnClick\"\n\t\t\t\tdata-wp-on--keydown=\"actions.handleMenuKeydown\"\n\t\t\t><svg width=\"24\" height=\"24\" xmlns=\"http:\/\/www.w3.org\/2000\/svg\" viewBox=\"0 0 24 24\" aria-hidden=\"true\" focusable=\"false\"><path d=\"M4 7.5h16v1.5H4z\"><\/path><path d=\"M4 15h16v1.5H4z\"><\/path><\/svg><\/button>\n\t\t\t\t<div class=\"wp-block-navigation__responsive-container\"  id=\"modal-1\" \n\t\t\t\tdata-wp-class--has-modal-open=\"state.isMenuOpen\"\n\t\t\t\tdata-wp-class--is-menu-open=\"state.isMenuOpen\"\n\t\t\t\tdata-wp-watch=\"callbacks.initMenu\"\n\t\t\t\tdata-wp-on--keydown=\"actions.handleMenuKeydown\"\n\t\t\t\tdata-wp-on--focusout=\"actions.handleMenuFocusout\"\n\t\t\t\ttabindex=\"-1\"\n\t\t\t>\n\t\t\t\t\t<div class=\"wp-block-navigation__responsive-close\" tabindex=\"-1\">\n\t\t\t\t\t\t<div class=\"wp-block-navigation__responsive-dialog\" \n\t\t\t\tdata-wp-bind--aria-modal=\"state.ariaModal\"\n\t\t\t\tdata-wp-bind--aria-label=\"state.ariaLabel\"\n\t\t\t\tdata-wp-bind--role=\"state.roleAttribute\"\n\t\t\t>\n\t\t\t\t\t\t\t<button aria-label=\"Cerrar el men\u00fa\" class=\"wp-block-navigation__responsive-container-close\" \n\t\t\t\tdata-wp-on--click=\"actions.closeMenuOnClick\"\n\t\t\t><svg xmlns=\"http:\/\/www.w3.org\/2000\/svg\" viewBox=\"0 0 24 24\" width=\"24\" height=\"24\" aria-hidden=\"true\" focusable=\"false\"><path d=\"m13.06 12 6.47-6.47-1.06-1.06L12 10.94 5.53 4.47 4.47 5.53 10.94 12l-6.47 6.47 1.06 1.06L12 13.06l6.47 6.47 1.06-1.06L13.06 12Z\"><\/path><\/svg><\/button>\n\t\t\t\t\t\t\t<div class=\"wp-block-navigation__responsive-container-content\" \n\t\t\t\tdata-wp-watch=\"callbacks.focusFirstElement\"\n\t\t\t id=\"modal-1-content\">\n\t\t\t\t\t\t\t\t<ul class=\"wp-block-navigation__container is-responsive sousmenu_explications wp-block-navigation\"><li class=\" wp-block-navigation-item wp-block-navigation-link\"><a class=\"wp-block-navigation-item__content\"  href=\"https:\/\/mtps.fr\/es\/nuestra-profesion\/explicaciones-tecnicas\/el-hormigon-proyectado\/\"><span class=\"wp-block-navigation-item__label\">El Hormigon Proyectado<\/span><\/a><\/li><li class=\" wp-block-navigation-item wp-block-navigation-link\"><a class=\"wp-block-navigation-item__content\"  href=\"https:\/\/mtps.fr\/es\/nuestra-profesion\/explicaciones-tecnicas\/clavado-de-suelos\/\"><span class=\"wp-block-navigation-item__label\">Clavado de suelos<\/span><\/a><\/li><li class=\" wp-block-navigation-item wp-block-navigation-link\"><a class=\"wp-block-navigation-item__content\"  href=\"https:\/\/mtps.fr\/es\/nuestra-profesion\/explicaciones-tecnicas\/trabajos-de-voladura\/\"><span class=\"wp-block-navigation-item__label\">Trabajos de voladura<\/span><\/a><\/li><li class=\" wp-block-navigation-item wp-block-navigation-link\"><a class=\"wp-block-navigation-item__content\"  href=\"https:\/\/mtps.fr\/es\/nuestra-profesion\/explicaciones-tecnicas\/micropilotes\/\"><span class=\"wp-block-navigation-item__label\">Micropilotes<\/span><\/a><\/li><li class=\" wp-block-navigation-item wp-block-navigation-link\"><a class=\"wp-block-navigation-item__content\"  href=\"https:\/\/mtps.fr\/es\/nuestra-profesion\/explicaciones-tecnicas\/obras-subterraneas\/\"><span class=\"wp-block-navigation-item__label\">Obras subterraneas<\/span><\/a><\/li><\/ul>\n\t\t\t\t\t\t\t<\/div>\n\t\t\t\t\t\t<\/div>\n\t\t\t\t\t<\/div>\n\t\t\t\t<\/div><\/nav>\n\n\n<div class=\"wp-block-columns is-layout-flex wp-container-core-columns-is-layout-9d6595d7 wp-block-columns-is-layout-flex\">\n<div class=\"wp-block-column is-layout-flow wp-block-column-is-layout-flow\">\n<h2 class=\"wp-block-heading\">Campos de aplicacion<\/h2>\n\n\n\n<p>Las t\u00e9cnicas de voladura se aplican esencialmente a materiales rocosos.<\/p>\n\n\n\n<p>La t\u00e9cnica de voladuras tiene varios objetos :<\/p>\n\n\n\n<ul class=\"wp-block-list\">\n<li>Excavaciones de macizos rocosos<\/li>\n\n\n\n<li>purga de zonas rocosas potencialmente inestables<\/li>\n\n\n\n<li>excavacion o ampliacion de obras subterraneas (pozos, tuneles\u2026)<\/li>\n<\/ul>\n\n\n\n<h2 class=\"wp-block-heading\">Principios basicos<\/h2>\n\n\n\n<p>La t\u00e9cnica de voladuras consiste en fragmentar roca mediante explosivos que se introducen en una perforacion. Cuando bien una sola carga puede bastar a fragmentar un bloque, los macizos rocosos requieren carga multiples mas o menos concentradas. Dos tipos de energia entran en juego cuando se utilizan explosivos :<br>\u2013 la onda de choque; <br>\u2013 la presion de los gases  <\/p>\n\n\n\n<figure class=\"wp-block-image size-full\"><img loading=\"lazy\" decoding=\"async\" width=\"209\" height=\"279\" src=\"https:\/\/mtps.fr\/wp-content\/uploads\/2025\/11\/technique-de-minage.jpg\" alt=\"\" class=\"wp-image-4027\"\/><\/figure>\n<\/div>\n\n\n\n<div class=\"wp-block-column is-layout-flow wp-block-column-is-layout-flow\">\n<figure class=\"wp-block-image size-full\"><img loading=\"lazy\" decoding=\"async\" width=\"221\" height=\"189\" src=\"https:\/\/mtps.fr\/wp-content\/uploads\/2025\/11\/minage-massif-rocheux.jpg\" alt=\"\" class=\"wp-image-4028\"\/><\/figure>\n\n\n\n<h2 class=\"wp-block-heading\">Las diferentes clases de explosivos<\/h2>\n\n\n\n<p>Existen dos grandes tipos de explosivos:<\/p>\n\n\n\n<ul class=\"wp-block-list\">\n<li>los explosivos deflagrantes (polvora negra)<\/li>\n\n\n\n<li>los explosivos detonantes (los mas comunes)<\/li>\n<\/ul>\n\n\n\n<p>Existen tres grandes familias de explosivos:<\/p>\n\n\n\n<ul class=\"wp-block-list\">\n<li>la dinamita: fabricada a base de nitroglicerina, su uso es adaptado para rocas masivas<\/li>\n\n\n\n<li>el ANFO (nitrato amonio \u2013 fuel oil): se requieren mayores cantidades de este explosivo ya que es menos potente. Su uso debe evitarse cuando la roca tenga cavidades <\/li>\n\n\n\n<li>la emulsion: este explosivo, al tener varias formas de empleo, cubre un campo de accion relativamente amplio<\/li>\n<\/ul>\n\n\n\n<p>Los explosivos solo funcionan cuando se les asocia a un dispositivo detonante y a un dispositivo de cebadura (detonador pirot\u00e9cnico, el\u00e9ctrico con dispositivo micro-retardador, electronico (secuencial) o non-el\u00e9ctrico).<\/p>\n\n\n\n<p>Varios parametros permiten caracterizar los explosivos:<\/p>\n\n\n\n<ul class=\"wp-block-list\">\n<li> la velocidad de detonacion: se trata de la velocidad a la que se produce la propagacion de la reaccion en la masa del explosivo.<\/li>\n\n\n\n<li>el diametro critico: se trata del diametro minimo debajo del cual el explosivo no puede ser detonado<\/li>\n\n\n\n<li>la energia especifica, que es la suma de la energia generada por el gas y de la generada por la onda de choque.<\/li>\n\n\n\n<li>la densidad<\/li>\n\n\n\n<li>la sensibilidad a la cebadura<\/li>\n\n\n\n<li>la resistencia al agua<\/li>\n<\/ul>\n<\/div>\n<\/div>\n\n\n\n<div class=\"wp-block-columns is-layout-flex wp-container-core-columns-is-layout-9d6595d7 wp-block-columns-is-layout-flex\">\n<div class=\"wp-block-column is-layout-flow wp-block-column-is-layout-flow\">\n<h2 class=\"wp-block-heading\">Plan de voladura<\/h2>\n\n\n\n<p>Es un documento que debe recoger varios elementos elaborados por el ingeniero:<\/p>\n\n\n\n<ul class=\"wp-block-list\">\n<li>la situacion de la voladura<\/li>\n\n\n\n<li>las caracteristicas de la perforacion (diametro, profundidad, inclinacion, numero de perforaciones, CUI \u2013 carga unitaria instantanea\u2026)<\/li>\n\n\n\n<li>las caracteristicas de los compenentes del dispositivo, incluyendo el tipo de explosivo, la cebadura, el relleno\u2026<\/li>\n\n\n\n<li>la secuencia de cebadura<\/li>\n<\/ul>\n\n\n\n<h2 class=\"wp-block-heading\">Perforaciones<\/h2>\n\n\n\n<p>Las perforaciones tienen importancia porque condicionan directamente la calidad del plan de voladuras.<br><\/p>\n<\/div>\n\n\n\n<div class=\"wp-block-column is-layout-flow wp-block-column-is-layout-flow\">\n<div class=\"wp-block-media-text is-stacked-on-mobile\" style=\"grid-template-columns:20% auto\"><figure class=\"wp-block-media-text__media\"><img loading=\"lazy\" decoding=\"async\" width=\"65\" height=\"87\" src=\"https:\/\/mtps.fr\/wp-content\/uploads\/2025\/11\/philippe-MTPS.jpg\" alt=\"\" class=\"wp-image-4029 size-full\"\/><\/figure><div class=\"wp-block-media-text__content\">\n<p><mark style=\"color:#ffe800\" class=\"has-inline-color\"><strong>El consejo de Philippe acerca de las voladuras : <br> <\/strong><\/mark><\/p>\n\n\n\n<p><em>\u00abAl individualizar las masas, las predetonaciones permiten delimitar la zona de tiro y asi controlar el impacto de las voladuras sobre las zonas traseras no excavadas.\u00bb<\/em><\/p>\n<\/div><\/div>\n<\/div>\n<\/div>\n\n\n\n<h2 class=\"wp-block-heading\">Precauciones relativas al voladura<\/h2>\n\n\n\n<p>La t\u00e9cnica de voladuras es una t\u00e9cnica a menudo impresionante que puede generar un numero de riesgos y molestias que se controlan perfectamente cuando la empresa encargada de las obras es competente en la materia.<\/p>\n\n\n\n<ul class=\"wp-block-list\">\n<li>Pueden proyectarse pruebas de detonacion a fin de validar la Carga Unitaria Instantanea (CUI)<\/li>\n\n\n\n<li>Pueden realizarse grabaciones para asegurarse de que las vibraciones no excedan los limites permitidos<\/li>\n\n\n\n<li>Tambi\u00e9n pueden instalarse protecciones contra las proyecciones (geot\u00e9xtiles, mallas\u2026).<\/li>\n<\/ul>\n\n\n\n<figure class=\"wp-block-image size-full\"><img loading=\"lazy\" decoding=\"async\" width=\"387\" height=\"254\" src=\"https:\/\/mtps.fr\/wp-content\/uploads\/2025\/11\/minages-competences-securite.jpg\" alt=\"\" class=\"wp-image-4030\" srcset=\"https:\/\/mtps.fr\/wp-content\/uploads\/2025\/11\/minages-competences-securite.jpg 387w, https:\/\/mtps.fr\/wp-content\/uploads\/2025\/11\/minages-competences-securite-300x197.jpg 300w\" sizes=\"auto, (max-width: 387px) 100vw, 387px\" \/><\/figure>\n","protected":false},"excerpt":{"rendered":"<p>Campos de aplicacion Las t\u00e9cnicas de voladura se aplican esencialmente a materiales rocosos. La t\u00e9cnica de voladuras tiene varios objetos : Principios basicos La t\u00e9cnica de voladuras consiste en fragmentar roca mediante explosivos que se introducen en una perforacion. Cuando bien una sola carga puede bastar a fragmentar un bloque, los macizos rocosos requieren carga [&hellip;]<\/p>\n","protected":false},"author":1,"featured_media":0,"parent":4358,"menu_order":0,"comment_status":"closed","ping_status":"closed","template":"","meta":{"_acf_changed":false,"footnotes":""},"class_list":["post-4386","page","type-page","status-publish","hentry"],"acf":[],"yoast_head":"<!-- This site is optimized with the Yoast SEO plugin v27.3 - https:\/\/yoast.com\/product\/yoast-seo-wordpress\/ -->\n<title>Trabajos de voladura - MTPS<\/title>\n<meta name=\"description\" content=\"Campos de aplicacion Las t\u00e9cnicas de voladura se aplican esencialmente a materiales rocosos. La t\u00e9cnica de voladuras tiene varios objetos : Excavaciones\" \/>\n<meta name=\"robots\" content=\"index, follow, max-snippet:-1, max-image-preview:large, max-video-preview:-1\" \/>\n<link rel=\"canonical\" href=\"https:\/\/mtps.fr\/es\/nuestra-profesion\/explicaciones-tecnicas\/trabajos-de-voladura\/\" \/>\n<meta property=\"og:locale\" content=\"es_ES\" \/>\n<meta property=\"og:type\" content=\"article\" \/>\n<meta property=\"og:title\" content=\"Trabajos de voladura - MTPS\" \/>\n<meta property=\"og:description\" content=\"Campos de aplicacion Las t\u00e9cnicas de voladura se aplican esencialmente a materiales rocosos. La t\u00e9cnica de voladuras tiene varios objetos : Excavaciones\" \/>\n<meta property=\"og:url\" content=\"https:\/\/mtps.fr\/es\/nuestra-profesion\/explicaciones-tecnicas\/trabajos-de-voladura\/\" \/>\n<meta property=\"og:site_name\" content=\"MTPS\" \/>\n<meta property=\"article:modified_time\" content=\"2026-02-09T10:51:27+00:00\" \/>\n<meta property=\"og:image\" content=\"https:\/\/mtps.fr\/wp-content\/uploads\/2025\/11\/technique-de-minage.jpg\" \/>\n\t<meta property=\"og:image:width\" content=\"209\" \/>\n\t<meta property=\"og:image:height\" content=\"279\" \/>\n\t<meta property=\"og:image:type\" content=\"image\/jpeg\" \/>\n<meta name=\"twitter:card\" content=\"summary_large_image\" \/>\n<meta name=\"twitter:label1\" content=\"Tiempo de lectura\" \/>\n\t<meta name=\"twitter:data1\" content=\"4 minutos\" \/>\n<script type=\"application\/ld+json\" class=\"yoast-schema-graph\">{\"@context\":\"https:\\\/\\\/schema.org\",\"@graph\":[{\"@type\":\"WebPage\",\"@id\":\"https:\\\/\\\/mtps.fr\\\/es\\\/nuestra-profesion\\\/explicaciones-tecnicas\\\/trabajos-de-voladura\\\/\",\"url\":\"https:\\\/\\\/mtps.fr\\\/es\\\/nuestra-profesion\\\/explicaciones-tecnicas\\\/trabajos-de-voladura\\\/\",\"name\":\"Trabajos de voladura - MTPS\",\"isPartOf\":{\"@id\":\"https:\\\/\\\/mtps.fr\\\/es\\\/#website\"},\"primaryImageOfPage\":{\"@id\":\"https:\\\/\\\/mtps.fr\\\/es\\\/nuestra-profesion\\\/explicaciones-tecnicas\\\/trabajos-de-voladura\\\/#primaryimage\"},\"image\":{\"@id\":\"https:\\\/\\\/mtps.fr\\\/es\\\/nuestra-profesion\\\/explicaciones-tecnicas\\\/trabajos-de-voladura\\\/#primaryimage\"},\"thumbnailUrl\":\"https:\\\/\\\/mtps.fr\\\/wp-content\\\/uploads\\\/2025\\\/11\\\/technique-de-minage.jpg\",\"datePublished\":\"2025-11-26T10:29:59+00:00\",\"dateModified\":\"2026-02-09T10:51:27+00:00\",\"description\":\"Campos de aplicacion Las t\u00e9cnicas de voladura se aplican esencialmente a materiales rocosos. La t\u00e9cnica de voladuras tiene varios objetos : Excavaciones\",\"breadcrumb\":{\"@id\":\"https:\\\/\\\/mtps.fr\\\/es\\\/nuestra-profesion\\\/explicaciones-tecnicas\\\/trabajos-de-voladura\\\/#breadcrumb\"},\"inLanguage\":\"es\",\"potentialAction\":[{\"@type\":\"ReadAction\",\"target\":[\"https:\\\/\\\/mtps.fr\\\/es\\\/nuestra-profesion\\\/explicaciones-tecnicas\\\/trabajos-de-voladura\\\/\"]}]},{\"@type\":\"ImageObject\",\"inLanguage\":\"es\",\"@id\":\"https:\\\/\\\/mtps.fr\\\/es\\\/nuestra-profesion\\\/explicaciones-tecnicas\\\/trabajos-de-voladura\\\/#primaryimage\",\"url\":\"https:\\\/\\\/mtps.fr\\\/wp-content\\\/uploads\\\/2025\\\/11\\\/technique-de-minage.jpg\",\"contentUrl\":\"https:\\\/\\\/mtps.fr\\\/wp-content\\\/uploads\\\/2025\\\/11\\\/technique-de-minage.jpg\"},{\"@type\":\"BreadcrumbList\",\"@id\":\"https:\\\/\\\/mtps.fr\\\/es\\\/nuestra-profesion\\\/explicaciones-tecnicas\\\/trabajos-de-voladura\\\/#breadcrumb\",\"itemListElement\":[{\"@type\":\"ListItem\",\"position\":1,\"name\":\"Home\",\"item\":\"https:\\\/\\\/mtps.fr\\\/es\\\/\"},{\"@type\":\"ListItem\",\"position\":2,\"name\":\"Nuestra profesi\u00f3n\",\"item\":\"https:\\\/\\\/mtps.fr\\\/es\\\/nuestra-profesion\\\/\"},{\"@type\":\"ListItem\",\"position\":3,\"name\":\"Explicaciones t\u00e9cnicas\",\"item\":\"https:\\\/\\\/mtps.fr\\\/es\\\/nuestra-profesion\\\/explicaciones-tecnicas\\\/\"},{\"@type\":\"ListItem\",\"position\":4,\"name\":\"Trabajos de voladura\"}]},{\"@type\":\"WebSite\",\"@id\":\"https:\\\/\\\/mtps.fr\\\/es\\\/#website\",\"url\":\"https:\\\/\\\/mtps.fr\\\/es\\\/\",\"name\":\"MTPS : Minage, Travaux Publics & Sp\u00e9ciaux\",\"description\":\"\",\"publisher\":{\"@id\":\"https:\\\/\\\/mtps.fr\\\/es\\\/#organization\"},\"potentialAction\":[{\"@type\":\"SearchAction\",\"target\":{\"@type\":\"EntryPoint\",\"urlTemplate\":\"https:\\\/\\\/mtps.fr\\\/es\\\/?s={search_term_string}\"},\"query-input\":{\"@type\":\"PropertyValueSpecification\",\"valueRequired\":true,\"valueName\":\"search_term_string\"}}],\"inLanguage\":\"es\"},{\"@type\":\"Organization\",\"@id\":\"https:\\\/\\\/mtps.fr\\\/es\\\/#organization\",\"name\":\"Site MTPS\",\"url\":\"https:\\\/\\\/mtps.fr\\\/es\\\/\",\"logo\":{\"@type\":\"ImageObject\",\"inLanguage\":\"es\",\"@id\":\"https:\\\/\\\/mtps.fr\\\/es\\\/#\\\/schema\\\/logo\\\/image\\\/\",\"url\":\"https:\\\/\\\/mtps.fr\\\/wp-content\\\/uploads\\\/2025\\\/11\\\/logo.png\",\"contentUrl\":\"https:\\\/\\\/mtps.fr\\\/wp-content\\\/uploads\\\/2025\\\/11\\\/logo.png\",\"width\":360,\"height\":143,\"caption\":\"Site MTPS\"},\"image\":{\"@id\":\"https:\\\/\\\/mtps.fr\\\/es\\\/#\\\/schema\\\/logo\\\/image\\\/\"}}]}<\/script>\n<!-- \/ Yoast SEO plugin. -->","yoast_head_json":{"title":"Trabajos de voladura - MTPS","description":"Campos de aplicacion Las t\u00e9cnicas de voladura se aplican esencialmente a materiales rocosos. La t\u00e9cnica de voladuras tiene varios objetos : Excavaciones","robots":{"index":"index","follow":"follow","max-snippet":"max-snippet:-1","max-image-preview":"max-image-preview:large","max-video-preview":"max-video-preview:-1"},"canonical":"https:\/\/mtps.fr\/es\/nuestra-profesion\/explicaciones-tecnicas\/trabajos-de-voladura\/","og_locale":"es_ES","og_type":"article","og_title":"Trabajos de voladura - MTPS","og_description":"Campos de aplicacion Las t\u00e9cnicas de voladura se aplican esencialmente a materiales rocosos. La t\u00e9cnica de voladuras tiene varios objetos : Excavaciones","og_url":"https:\/\/mtps.fr\/es\/nuestra-profesion\/explicaciones-tecnicas\/trabajos-de-voladura\/","og_site_name":"MTPS","article_modified_time":"2026-02-09T10:51:27+00:00","og_image":[{"width":209,"height":279,"url":"https:\/\/mtps.fr\/wp-content\/uploads\/2025\/11\/technique-de-minage.jpg","type":"image\/jpeg"}],"twitter_card":"summary_large_image","twitter_misc":{"Tiempo de lectura":"4 minutos"},"schema":{"@context":"https:\/\/schema.org","@graph":[{"@type":"WebPage","@id":"https:\/\/mtps.fr\/es\/nuestra-profesion\/explicaciones-tecnicas\/trabajos-de-voladura\/","url":"https:\/\/mtps.fr\/es\/nuestra-profesion\/explicaciones-tecnicas\/trabajos-de-voladura\/","name":"Trabajos de voladura - MTPS","isPartOf":{"@id":"https:\/\/mtps.fr\/es\/#website"},"primaryImageOfPage":{"@id":"https:\/\/mtps.fr\/es\/nuestra-profesion\/explicaciones-tecnicas\/trabajos-de-voladura\/#primaryimage"},"image":{"@id":"https:\/\/mtps.fr\/es\/nuestra-profesion\/explicaciones-tecnicas\/trabajos-de-voladura\/#primaryimage"},"thumbnailUrl":"https:\/\/mtps.fr\/wp-content\/uploads\/2025\/11\/technique-de-minage.jpg","datePublished":"2025-11-26T10:29:59+00:00","dateModified":"2026-02-09T10:51:27+00:00","description":"Campos de aplicacion Las t\u00e9cnicas de voladura se aplican esencialmente a materiales rocosos. La t\u00e9cnica de voladuras tiene varios objetos : Excavaciones","breadcrumb":{"@id":"https:\/\/mtps.fr\/es\/nuestra-profesion\/explicaciones-tecnicas\/trabajos-de-voladura\/#breadcrumb"},"inLanguage":"es","potentialAction":[{"@type":"ReadAction","target":["https:\/\/mtps.fr\/es\/nuestra-profesion\/explicaciones-tecnicas\/trabajos-de-voladura\/"]}]},{"@type":"ImageObject","inLanguage":"es","@id":"https:\/\/mtps.fr\/es\/nuestra-profesion\/explicaciones-tecnicas\/trabajos-de-voladura\/#primaryimage","url":"https:\/\/mtps.fr\/wp-content\/uploads\/2025\/11\/technique-de-minage.jpg","contentUrl":"https:\/\/mtps.fr\/wp-content\/uploads\/2025\/11\/technique-de-minage.jpg"},{"@type":"BreadcrumbList","@id":"https:\/\/mtps.fr\/es\/nuestra-profesion\/explicaciones-tecnicas\/trabajos-de-voladura\/#breadcrumb","itemListElement":[{"@type":"ListItem","position":1,"name":"Home","item":"https:\/\/mtps.fr\/es\/"},{"@type":"ListItem","position":2,"name":"Nuestra profesi\u00f3n","item":"https:\/\/mtps.fr\/es\/nuestra-profesion\/"},{"@type":"ListItem","position":3,"name":"Explicaciones t\u00e9cnicas","item":"https:\/\/mtps.fr\/es\/nuestra-profesion\/explicaciones-tecnicas\/"},{"@type":"ListItem","position":4,"name":"Trabajos de voladura"}]},{"@type":"WebSite","@id":"https:\/\/mtps.fr\/es\/#website","url":"https:\/\/mtps.fr\/es\/","name":"MTPS : Minage, Travaux Publics & Sp\u00e9ciaux","description":"","publisher":{"@id":"https:\/\/mtps.fr\/es\/#organization"},"potentialAction":[{"@type":"SearchAction","target":{"@type":"EntryPoint","urlTemplate":"https:\/\/mtps.fr\/es\/?s={search_term_string}"},"query-input":{"@type":"PropertyValueSpecification","valueRequired":true,"valueName":"search_term_string"}}],"inLanguage":"es"},{"@type":"Organization","@id":"https:\/\/mtps.fr\/es\/#organization","name":"Site MTPS","url":"https:\/\/mtps.fr\/es\/","logo":{"@type":"ImageObject","inLanguage":"es","@id":"https:\/\/mtps.fr\/es\/#\/schema\/logo\/image\/","url":"https:\/\/mtps.fr\/wp-content\/uploads\/2025\/11\/logo.png","contentUrl":"https:\/\/mtps.fr\/wp-content\/uploads\/2025\/11\/logo.png","width":360,"height":143,"caption":"Site MTPS"},"image":{"@id":"https:\/\/mtps.fr\/es\/#\/schema\/logo\/image\/"}}]}},"_links":{"self":[{"href":"https:\/\/mtps.fr\/es\/wp-json\/wp\/v2\/pages\/4386","targetHints":{"allow":["GET"]}}],"collection":[{"href":"https:\/\/mtps.fr\/es\/wp-json\/wp\/v2\/pages"}],"about":[{"href":"https:\/\/mtps.fr\/es\/wp-json\/wp\/v2\/types\/page"}],"author":[{"embeddable":true,"href":"https:\/\/mtps.fr\/es\/wp-json\/wp\/v2\/users\/1"}],"replies":[{"embeddable":true,"href":"https:\/\/mtps.fr\/es\/wp-json\/wp\/v2\/comments?post=4386"}],"version-history":[{"count":0,"href":"https:\/\/mtps.fr\/es\/wp-json\/wp\/v2\/pages\/4386\/revisions"}],"up":[{"embeddable":true,"href":"https:\/\/mtps.fr\/es\/wp-json\/wp\/v2\/pages\/4358"}],"wp:attachment":[{"href":"https:\/\/mtps.fr\/es\/wp-json\/wp\/v2\/media?parent=4386"}],"curies":[{"name":"wp","href":"https:\/\/api.w.org\/{rel}","templated":true}]}}