{"id":4130,"date":"2025-11-12T08:56:11","date_gmt":"2025-11-12T07:56:11","guid":{"rendered":"https:\/\/mtps.fr\/nuestra-profesion\/actividades\/ingenieria-civil-obras-de-hormigon-especializadas\/"},"modified":"2026-02-09T11:42:17","modified_gmt":"2026-02-09T10:42:17","slug":"ingenieria-civil-obras-de-hormigon-especializadas","status":"publish","type":"page","link":"https:\/\/mtps.fr\/es\/nuestra-profesion\/actividades\/ingenieria-civil-obras-de-hormigon-especializadas\/","title":{"rendered":"Ingenieria civil, obras de hormigon especializadas"},"content":{"rendered":"\n<div class=\"wp-block-columns is-layout-flex wp-container-core-columns-is-layout-9d6595d7 wp-block-columns-is-layout-flex\">\n<div class=\"wp-block-column is-layout-flow wp-block-column-is-layout-flow\">\n<h3 class=\"wp-block-heading\">Diferentes tipos de obras:<\/h3>\n\n\n\n<ul class=\"wp-block-list\">\n<li>construcciones artisticas<\/li>\n\n\n\n<li>obras hidraulicas<\/li>\n\n\n\n<li>obras maritimas<\/li>\n\n\n\n<li>obras de carretera<\/li>\n\n\n\n<li>varias redes<\/li>\n\n\n\n<li>embalses<\/li>\n\n\n\n<li>muros de contencion<\/li>\n\n\n\n<li>edificios<\/li>\n\n\n\n<li>tuneles<\/li>\n<\/ul>\n<\/div>\n\n\n\n<div class=\"wp-block-column is-layout-flow wp-block-column-is-layout-flow\"><div class=\"wp-block-image\">\n<figure class=\"aligncenter size-full\"><img loading=\"lazy\" decoding=\"async\" width=\"200\" height=\"291\" src=\"https:\/\/mtps.fr\/wp-content\/uploads\/2025\/11\/ouvrage-ba.jpg\" alt=\"\" class=\"wp-image-3876\"\/><figcaption class=\"wp-element-caption\">Obras de hormigon reforzado \u2013 RTM Ari\u00e8ge<\/figcaption><\/figure>\n<\/div><\/div>\n<\/div>\n\n<div class=\"wp-block-columns is-layout-flex wp-container-core-columns-is-layout-9d6595d7 wp-block-columns-is-layout-flex\">\n<div class=\"wp-block-column is-layout-flow wp-block-column-is-layout-flow\">\n<h3 class=\"wp-block-heading\">T\u00e9cnica empleadas:<\/h3>\n\n\n\n<ul class=\"wp-block-list\">\n<li> hormigon proyectado<\/li>\n\n\n\n<li>hormigon fibrado proyectado<\/li>\n\n\n\n<li>hormigon encofrado<\/li>\n\n\n\n<li>elementos prefabricados<\/li>\n\n\n\n<li>inyeccion en muros de alba\u00f1ileria<\/li>\n\n\n\n<li>abrazaderas<\/li>\n\n\n\n<li>losas y enlosados<\/li>\n\n\n\n<li>morteros especiales<\/li>\n\n\n\n<li>rejuntado<\/li>\n\n\n\n<li>enrocado anclado<\/li>\n\n\n\n<li>muros de gaviones<\/li>\n\n\n\n<li>revestimiento de tubos<\/li>\n<\/ul>\n<\/div>\n\n\n\n<div class=\"wp-block-column is-layout-flow wp-block-column-is-layout-flow\"><div class=\"wp-block-image\">\n<figure class=\"aligncenter size-full\"><img loading=\"lazy\" decoding=\"async\" width=\"370\" height=\"241\" src=\"https:\/\/mtps.fr\/wp-content\/uploads\/2025\/11\/reprise-pile-pont.jpg\" alt=\"\" class=\"wp-image-3877\" srcset=\"https:\/\/mtps.fr\/wp-content\/uploads\/2025\/11\/reprise-pile-pont.jpg 370w, https:\/\/mtps.fr\/wp-content\/uploads\/2025\/11\/reprise-pile-pont-300x195.jpg 300w\" sizes=\"auto, (max-width: 370px) 100vw, 370px\" \/><figcaption class=\"wp-element-caption\">Reforzamiento de pila de puente en el THORE (81)<\/figcaption><\/figure>\n<\/div><\/div>\n<\/div>\n\n<h2 class=\"wp-block-heading\">Los puentes<\/h2>\n\n<div class=\"wp-block-columns is-layout-flex wp-container-core-columns-is-layout-9d6595d7 wp-block-columns-is-layout-flex\">\n<div class=\"wp-block-column is-layout-flow wp-block-column-is-layout-flow\"><div class=\"wp-block-image\">\n<figure class=\"aligncenter size-full\"><img loading=\"lazy\" decoding=\"async\" width=\"292\" height=\"210\" src=\"https:\/\/mtps.fr\/wp-content\/uploads\/2025\/11\/genie-civil-pont.jpg\" alt=\"\" class=\"wp-image-3879\"\/><figcaption class=\"wp-element-caption\">Puente muy estrecho y deteriorado en RD<\/figcaption><\/figure>\n<\/div><\/div>\n\n\n\n<div class=\"wp-block-column is-layout-flow wp-block-column-is-layout-flow\"><div class=\"wp-block-image\">\n<figure class=\"aligncenter size-full\"><img loading=\"lazy\" decoding=\"async\" width=\"305\" height=\"206\" src=\"https:\/\/mtps.fr\/wp-content\/uploads\/2025\/11\/genie-civil-pont-refection-elargissement.jpg\" alt=\"\" class=\"wp-image-3880\" srcset=\"https:\/\/mtps.fr\/wp-content\/uploads\/2025\/11\/genie-civil-pont-refection-elargissement.jpg 305w, https:\/\/mtps.fr\/wp-content\/uploads\/2025\/11\/genie-civil-pont-refection-elargissement-300x203.jpg 300w\" sizes=\"auto, (max-width: 305px) 100vw, 305px\" \/><figcaption class=\"wp-element-caption\">Despu\u00e9s de reparaciones y ensanchamiento de 2 m por cada lado<\/figcaption><\/figure>\n<\/div><\/div>\n<\/div>\n\n<div class=\"wp-block-columns is-layout-flex wp-container-core-columns-is-layout-9d6595d7 wp-block-columns-is-layout-flex\">\n<div class=\"wp-block-column is-layout-flow wp-block-column-is-layout-flow\"><div class=\"wp-block-image\">\n<figure class=\"aligncenter size-full\"><img loading=\"lazy\" decoding=\"async\" width=\"294\" height=\"199\" src=\"https:\/\/mtps.fr\/wp-content\/uploads\/2025\/11\/passerelle-metallique.jpg\" alt=\"\" class=\"wp-image-3882\"\/><figcaption class=\"wp-element-caption\">Pasarela metalica de 50 ml sobre el Agout<\/figcaption><\/figure>\n<\/div><\/div>\n\n\n\n<div class=\"wp-block-column is-layout-flow wp-block-column-is-layout-flow\"><div class=\"wp-block-image\">\n<figure class=\"aligncenter size-full\"><img loading=\"lazy\" decoding=\"async\" width=\"301\" height=\"204\" src=\"https:\/\/mtps.fr\/wp-content\/uploads\/2025\/11\/construction-pont-piles.jpg\" alt=\"\" class=\"wp-image-3883\"\/><figcaption class=\"wp-element-caption\">Despu\u00e9s de remover la pasaerla metalica y construir un puente con 3 pilas<\/figcaption><\/figure>\n<\/div><\/div>\n<\/div>\n\n<h2 class=\"wp-block-heading\">Obras de hormigon reforzado<\/h2>\n\n<div class=\"wp-block-columns is-layout-flex wp-container-core-columns-is-layout-9d6595d7 wp-block-columns-is-layout-flex\">\n<div class=\"wp-block-column is-layout-flow wp-block-column-is-layout-flow\"><div class=\"wp-block-image\">\n<figure class=\"aligncenter size-full\"><img loading=\"lazy\" decoding=\"async\" width=\"314\" height=\"212\" src=\"https:\/\/mtps.fr\/wp-content\/uploads\/2025\/11\/reprise-affouillements-piles-pont.jpg\" alt=\"\" class=\"wp-image-3884\" srcset=\"https:\/\/mtps.fr\/wp-content\/uploads\/2025\/11\/reprise-affouillements-piles-pont.jpg 314w, https:\/\/mtps.fr\/wp-content\/uploads\/2025\/11\/reprise-affouillements-piles-pont-300x203.jpg 300w\" sizes=\"auto, (max-width: 314px) 100vw, 314px\" \/><figcaption class=\"wp-element-caption\">Reforzamiento de las pilas de un puente sometidas a erosion<\/figcaption><\/figure>\n<\/div><\/div>\n\n\n\n<div class=\"wp-block-column is-layout-flow wp-block-column-is-layout-flow\"><div class=\"wp-block-image\">\n<figure class=\"aligncenter size-full\"><img loading=\"lazy\" decoding=\"async\" width=\"288\" height=\"250\" src=\"https:\/\/mtps.fr\/wp-content\/uploads\/2025\/11\/construction-ouvrage.jpg\" alt=\"\" class=\"wp-image-3885\"\/><figcaption class=\"wp-element-caption\">Construcccion de una estructura para explotacion forestal sobre tuberia de alta presion<\/figcaption><\/figure>\n<\/div><\/div>\n<\/div>\n\n<div class=\"wp-block-columns is-layout-flex wp-container-core-columns-is-layout-9d6595d7 wp-block-columns-is-layout-flex\">\n<div class=\"wp-block-column is-layout-flow wp-block-column-is-layout-flow\"><div class=\"wp-block-image\">\n<figure class=\"aligncenter size-full\"><img loading=\"lazy\" decoding=\"async\" width=\"308\" height=\"209\" src=\"https:\/\/mtps.fr\/wp-content\/uploads\/2025\/11\/construction-ouvrage-voute.jpg\" alt=\"\" class=\"wp-image-3886\" srcset=\"https:\/\/mtps.fr\/wp-content\/uploads\/2025\/11\/construction-ouvrage-voute.jpg 308w, https:\/\/mtps.fr\/wp-content\/uploads\/2025\/11\/construction-ouvrage-voute-300x204.jpg 300w\" sizes=\"auto, (max-width: 308px) 100vw, 308px\" \/><figcaption class=\"wp-element-caption\">Construccion de una boveda sobre tuberia de alta presion<\/figcaption><\/figure>\n<\/div><\/div>\n\n\n\n<div class=\"wp-block-column is-layout-flow wp-block-column-is-layout-flow\"><div class=\"wp-block-image\">\n<figure class=\"aligncenter size-full is-resized\"><img loading=\"lazy\" decoding=\"async\" width=\"1186\" height=\"732\" src=\"https:\/\/mtps.fr\/wp-content\/uploads\/2025\/11\/phot221.bmp\" alt=\"\" class=\"wp-image-3887\" style=\"width:352px;height:auto\" srcset=\"https:\/\/mtps.fr\/wp-content\/uploads\/2025\/11\/phot221.bmp 1186w, https:\/\/mtps.fr\/wp-content\/uploads\/2025\/11\/phot221-300x185.jpg 300w, https:\/\/mtps.fr\/wp-content\/uploads\/2025\/11\/phot221-1024x632.jpg 1024w, https:\/\/mtps.fr\/wp-content\/uploads\/2025\/11\/phot221-768x474.jpg 768w\" sizes=\"auto, (max-width: 1186px) 100vw, 1186px\" \/><figcaption class=\"wp-element-caption\">Realizacion de una toma de agua con aliviadero y canal para flujo reservado<\/figcaption><\/figure>\n<\/div><\/div>\n<\/div>\n\n<h2 class=\"wp-block-heading\">Obra de reparaci\u00f3n<\/h2>\n\n<div class=\"wp-block-columns is-layout-flex wp-container-core-columns-is-layout-9d6595d7 wp-block-columns-is-layout-flex\">\n<div class=\"wp-block-column is-layout-flow wp-block-column-is-layout-flow\"><div class=\"wp-block-image\">\n<figure class=\"aligncenter size-full\"><img loading=\"lazy\" decoding=\"async\" width=\"307\" height=\"207\" src=\"https:\/\/mtps.fr\/wp-content\/uploads\/2025\/11\/refection-parement-barrage.jpg\" alt=\"\" class=\"wp-image-3888\" srcset=\"https:\/\/mtps.fr\/wp-content\/uploads\/2025\/11\/refection-parement-barrage.jpg 307w, https:\/\/mtps.fr\/wp-content\/uploads\/2025\/11\/refection-parement-barrage-300x202.jpg 300w\" sizes=\"auto, (max-width: 307px) 100vw, 307px\" \/><figcaption class=\"wp-element-caption\">Reparacion de los paramentos de un embalse<\/figcaption><\/figure>\n<\/div><\/div>\n\n\n\n<div class=\"wp-block-column is-layout-flow wp-block-column-is-layout-flow\"><div class=\"wp-block-image\">\n<figure class=\"aligncenter size-full is-resized\"><img loading=\"lazy\" decoding=\"async\" width=\"308\" height=\"205\" src=\"https:\/\/mtps.fr\/wp-content\/uploads\/2025\/11\/refection-ouvrage-pierre-rejointoiement.jpg\" alt=\"\" class=\"wp-image-3889\" style=\"width:314px;height:auto\" srcset=\"https:\/\/mtps.fr\/wp-content\/uploads\/2025\/11\/refection-ouvrage-pierre-rejointoiement.jpg 308w, https:\/\/mtps.fr\/wp-content\/uploads\/2025\/11\/refection-ouvrage-pierre-rejointoiement-300x200.jpg 300w\" sizes=\"auto, (max-width: 308px) 100vw, 308px\" \/><figcaption class=\"wp-element-caption\">Rejuntado de una peque\u00f1a estructura de piedra<\/figcaption><\/figure>\n<\/div><\/div>\n<\/div>\n\n<div class=\"wp-block-columns is-layout-flex wp-container-core-columns-is-layout-9d6595d7 wp-block-columns-is-layout-flex\">\n<div class=\"wp-block-column is-layout-flow wp-block-column-is-layout-flow\"><div class=\"wp-block-image\">\n<figure class=\"aligncenter size-full\"><img loading=\"lazy\" decoding=\"async\" width=\"305\" height=\"194\" src=\"https:\/\/mtps.fr\/wp-content\/uploads\/2025\/11\/consolidation-pont.jpg\" alt=\"\" class=\"wp-image-3890\" srcset=\"https:\/\/mtps.fr\/wp-content\/uploads\/2025\/11\/consolidation-pont.jpg 305w, https:\/\/mtps.fr\/wp-content\/uploads\/2025\/11\/consolidation-pont-300x191.jpg 300w\" sizes=\"auto, (max-width: 305px) 100vw, 305px\" \/><figcaption class=\"wp-element-caption\">Consolidacion de puente con abrazaderas, rejuntado y parapeto<\/figcaption><\/figure>\n<\/div><\/div>\n\n\n\n<div class=\"wp-block-column is-layout-flow wp-block-column-is-layout-flow\"><div class=\"wp-block-image\">\n<figure class=\"aligncenter size-full is-resized\"><img loading=\"lazy\" decoding=\"async\" width=\"296\" height=\"198\" src=\"https:\/\/mtps.fr\/wp-content\/uploads\/2025\/11\/chemisage-beton-projete.jpg\" alt=\"\" class=\"wp-image-3891\" style=\"width:314px;height:auto\"\/><figcaption class=\"wp-element-caption\">Revestimiento de un tubo metalico corroido usando hormigon reforzado proyectado y radier de hormigon reforzado <\/figcaption><\/figure>\n<\/div><\/div>\n<\/div>\n\n<h2 class=\"wp-block-heading\">Varias obras<\/h2>\n\n<div class=\"wp-block-media-text is-stacked-on-mobile\" style=\"grid-template-columns:35% auto\"><figure class=\"wp-block-media-text__media\"><img loading=\"lazy\" decoding=\"async\" width=\"249\" height=\"177\" src=\"https:\/\/mtps.fr\/wp-content\/uploads\/2025\/11\/construction-ba-pierre-ouvrage.jpg\" alt=\"\" class=\"wp-image-3892 size-full\"\/><\/figure><div class=\"wp-block-media-text__content\">\n<p>Construccion de un estanque de sedimentacion de hormigon reforzado cubierto de piedra en zona monta\u00f1osa Altura 12 ml<\/p>\n<\/div><\/div>\n\n<div class=\"wp-block-media-text has-media-on-the-right is-stacked-on-mobile\" style=\"grid-template-columns:auto 45%\"><div class=\"wp-block-media-text__content\">\n<p>Construccion de gaviones, en la parte superior de unmuro clavado<\/p>\n<\/div><figure class=\"wp-block-media-text__media\"><img loading=\"lazy\" decoding=\"async\" width=\"370\" height=\"189\" src=\"https:\/\/mtps.fr\/wp-content\/uploads\/2025\/11\/ouvrage-gabion.jpg\" alt=\"\" class=\"wp-image-3893 size-full\" srcset=\"https:\/\/mtps.fr\/wp-content\/uploads\/2025\/11\/ouvrage-gabion.jpg 370w, https:\/\/mtps.fr\/wp-content\/uploads\/2025\/11\/ouvrage-gabion-300x153.jpg 300w\" sizes=\"auto, (max-width: 370px) 100vw, 370px\" \/><\/figure><\/div>\n\n<div class=\"wp-block-columns is-layout-flex wp-container-core-columns-is-layout-9d6595d7 wp-block-columns-is-layout-flex\">\n<div class=\"wp-block-column is-layout-flow wp-block-column-is-layout-flow\"><div class=\"wp-block-image\">\n<figure class=\"aligncenter size-full\"><img loading=\"lazy\" decoding=\"async\" width=\"296\" height=\"213\" src=\"https:\/\/mtps.fr\/wp-content\/uploads\/2025\/11\/refection-bajoyers.jpg\" alt=\"\" class=\"wp-image-3894\"\/><figcaption class=\"wp-element-caption\">Separacion de las aguas usadas y de las aguas pluviales, reparacion del muro de contencion y del techo de la galeria. Construccion de un radier. <\/figcaption><\/figure>\n<\/div><\/div>\n\n\n\n<div class=\"wp-block-column is-layout-flow wp-block-column-is-layout-flow\"><div class=\"wp-block-image\">\n<figure class=\"aligncenter size-full is-resized\"><img loading=\"lazy\" decoding=\"async\" width=\"316\" height=\"192\" src=\"https:\/\/mtps.fr\/wp-content\/uploads\/2025\/11\/mise-securite-galerie.jpg\" alt=\"\" class=\"wp-image-3895\" style=\"width:314px;height:auto\" srcset=\"https:\/\/mtps.fr\/wp-content\/uploads\/2025\/11\/mise-securite-galerie.jpg 316w, https:\/\/mtps.fr\/wp-content\/uploads\/2025\/11\/mise-securite-galerie-300x182.jpg 300w\" sizes=\"auto, (max-width: 316px) 100vw, 316px\" \/><figcaption class=\"wp-element-caption\">Puesta en seguridad de la galeria abierta al publico para la celebracion de \u00abToques et Clochers\u00bb (\u00abGorro de Chef y Campanarios\u00bb). Instalacion de pernos y hormigon proyectado.<\/figcaption><\/figure>\n<\/div><\/div>\n<\/div>\n","protected":false},"excerpt":{"rendered":"<p>Diferentes tipos de obras: T\u00e9cnica empleadas: Los puentes Obras de hormigon reforzado Obra de reparaci\u00f3n Varias obras Construccion de un estanque de sedimentacion de hormigon reforzado cubierto de piedra en zona monta\u00f1osa Altura 12 ml Construccion de gaviones, en la parte superior de unmuro clavado<\/p>\n","protected":false},"author":1,"featured_media":0,"parent":4053,"menu_order":0,"comment_status":"closed","ping_status":"closed","template":"page-sidebar-activite.php","meta":{"_acf_changed":false,"footnotes":""},"class_list":["post-4130","page","type-page","status-publish","hentry"],"acf":[],"yoast_head":"<!-- This site is optimized with the Yoast SEO plugin v27.3 - https:\/\/yoast.com\/product\/yoast-seo-wordpress\/ -->\n<title>Ingenieria civil, obras de hormigon especializadas - MTPS<\/title>\n<meta name=\"description\" content=\"Diferentes tipos de obras: construcciones artisticas obras hidraulicas obras maritimas obras de carretera varias redes embalses muros de contencion\" \/>\n<meta name=\"robots\" content=\"index, follow, max-snippet:-1, max-image-preview:large, max-video-preview:-1\" \/>\n<link rel=\"canonical\" href=\"https:\/\/mtps.fr\/es\/nuestra-profesion\/actividades\/ingenieria-civil-obras-de-hormigon-especializadas\/\" \/>\n<meta property=\"og:locale\" content=\"es_ES\" \/>\n<meta property=\"og:type\" content=\"article\" \/>\n<meta property=\"og:title\" content=\"Ingenieria civil, obras de hormigon especializadas - MTPS\" \/>\n<meta property=\"og:description\" content=\"Diferentes tipos de obras: construcciones artisticas obras hidraulicas obras maritimas obras de carretera varias redes embalses muros de contencion\" \/>\n<meta property=\"og:url\" content=\"https:\/\/mtps.fr\/es\/nuestra-profesion\/actividades\/ingenieria-civil-obras-de-hormigon-especializadas\/\" \/>\n<meta property=\"og:site_name\" content=\"MTPS\" \/>\n<meta property=\"article:modified_time\" content=\"2026-02-09T10:42:17+00:00\" \/>\n<meta property=\"og:image\" content=\"https:\/\/mtps.fr\/wp-content\/uploads\/2025\/11\/ouvrage-ba.jpg\" \/>\n\t<meta property=\"og:image:width\" content=\"200\" \/>\n\t<meta property=\"og:image:height\" content=\"291\" \/>\n\t<meta property=\"og:image:type\" content=\"image\/jpeg\" \/>\n<meta name=\"twitter:card\" content=\"summary_large_image\" \/>\n<meta name=\"twitter:label1\" content=\"Tiempo de lectura\" \/>\n\t<meta name=\"twitter:data1\" content=\"1 minuto\" \/>\n<script type=\"application\/ld+json\" class=\"yoast-schema-graph\">{\"@context\":\"https:\\\/\\\/schema.org\",\"@graph\":[{\"@type\":\"WebPage\",\"@id\":\"https:\\\/\\\/mtps.fr\\\/es\\\/nuestra-profesion\\\/actividades\\\/ingenieria-civil-obras-de-hormigon-especializadas\\\/\",\"url\":\"https:\\\/\\\/mtps.fr\\\/es\\\/nuestra-profesion\\\/actividades\\\/ingenieria-civil-obras-de-hormigon-especializadas\\\/\",\"name\":\"Ingenieria civil, obras de hormigon especializadas - MTPS\",\"isPartOf\":{\"@id\":\"https:\\\/\\\/mtps.fr\\\/es\\\/#website\"},\"primaryImageOfPage\":{\"@id\":\"https:\\\/\\\/mtps.fr\\\/es\\\/nuestra-profesion\\\/actividades\\\/ingenieria-civil-obras-de-hormigon-especializadas\\\/#primaryimage\"},\"image\":{\"@id\":\"https:\\\/\\\/mtps.fr\\\/es\\\/nuestra-profesion\\\/actividades\\\/ingenieria-civil-obras-de-hormigon-especializadas\\\/#primaryimage\"},\"thumbnailUrl\":\"https:\\\/\\\/mtps.fr\\\/wp-content\\\/uploads\\\/2025\\\/11\\\/ouvrage-ba.jpg\",\"datePublished\":\"2025-11-12T07:56:11+00:00\",\"dateModified\":\"2026-02-09T10:42:17+00:00\",\"description\":\"Diferentes tipos de obras: construcciones artisticas obras hidraulicas obras maritimas obras de carretera varias redes embalses muros de contencion\",\"breadcrumb\":{\"@id\":\"https:\\\/\\\/mtps.fr\\\/es\\\/nuestra-profesion\\\/actividades\\\/ingenieria-civil-obras-de-hormigon-especializadas\\\/#breadcrumb\"},\"inLanguage\":\"es\",\"potentialAction\":[{\"@type\":\"ReadAction\",\"target\":[\"https:\\\/\\\/mtps.fr\\\/es\\\/nuestra-profesion\\\/actividades\\\/ingenieria-civil-obras-de-hormigon-especializadas\\\/\"]}]},{\"@type\":\"ImageObject\",\"inLanguage\":\"es\",\"@id\":\"https:\\\/\\\/mtps.fr\\\/es\\\/nuestra-profesion\\\/actividades\\\/ingenieria-civil-obras-de-hormigon-especializadas\\\/#primaryimage\",\"url\":\"https:\\\/\\\/mtps.fr\\\/wp-content\\\/uploads\\\/2025\\\/11\\\/ouvrage-ba.jpg\",\"contentUrl\":\"https:\\\/\\\/mtps.fr\\\/wp-content\\\/uploads\\\/2025\\\/11\\\/ouvrage-ba.jpg\"},{\"@type\":\"BreadcrumbList\",\"@id\":\"https:\\\/\\\/mtps.fr\\\/es\\\/nuestra-profesion\\\/actividades\\\/ingenieria-civil-obras-de-hormigon-especializadas\\\/#breadcrumb\",\"itemListElement\":[{\"@type\":\"ListItem\",\"position\":1,\"name\":\"Home\",\"item\":\"https:\\\/\\\/mtps.fr\\\/es\\\/\"},{\"@type\":\"ListItem\",\"position\":2,\"name\":\"Nuestra profesi\u00f3n\",\"item\":\"https:\\\/\\\/mtps.fr\\\/es\\\/nuestra-profesion\\\/\"},{\"@type\":\"ListItem\",\"position\":3,\"name\":\"Actividades\",\"item\":\"https:\\\/\\\/mtps.fr\\\/es\\\/nuestra-profesion\\\/actividades\\\/\"},{\"@type\":\"ListItem\",\"position\":4,\"name\":\"Ingenieria civil, obras de hormigon especializadas\"}]},{\"@type\":\"WebSite\",\"@id\":\"https:\\\/\\\/mtps.fr\\\/es\\\/#website\",\"url\":\"https:\\\/\\\/mtps.fr\\\/es\\\/\",\"name\":\"MTPS : Minage, Travaux Publics & Sp\u00e9ciaux\",\"description\":\"\",\"publisher\":{\"@id\":\"https:\\\/\\\/mtps.fr\\\/es\\\/#organization\"},\"potentialAction\":[{\"@type\":\"SearchAction\",\"target\":{\"@type\":\"EntryPoint\",\"urlTemplate\":\"https:\\\/\\\/mtps.fr\\\/es\\\/?s={search_term_string}\"},\"query-input\":{\"@type\":\"PropertyValueSpecification\",\"valueRequired\":true,\"valueName\":\"search_term_string\"}}],\"inLanguage\":\"es\"},{\"@type\":\"Organization\",\"@id\":\"https:\\\/\\\/mtps.fr\\\/es\\\/#organization\",\"name\":\"Site MTPS\",\"url\":\"https:\\\/\\\/mtps.fr\\\/es\\\/\",\"logo\":{\"@type\":\"ImageObject\",\"inLanguage\":\"es\",\"@id\":\"https:\\\/\\\/mtps.fr\\\/es\\\/#\\\/schema\\\/logo\\\/image\\\/\",\"url\":\"https:\\\/\\\/mtps.fr\\\/wp-content\\\/uploads\\\/2025\\\/11\\\/logo.png\",\"contentUrl\":\"https:\\\/\\\/mtps.fr\\\/wp-content\\\/uploads\\\/2025\\\/11\\\/logo.png\",\"width\":360,\"height\":143,\"caption\":\"Site MTPS\"},\"image\":{\"@id\":\"https:\\\/\\\/mtps.fr\\\/es\\\/#\\\/schema\\\/logo\\\/image\\\/\"}}]}<\/script>\n<!-- \/ Yoast SEO plugin. -->","yoast_head_json":{"title":"Ingenieria civil, obras de hormigon especializadas - MTPS","description":"Diferentes tipos de obras: construcciones artisticas obras hidraulicas obras maritimas obras de carretera varias redes embalses muros de contencion","robots":{"index":"index","follow":"follow","max-snippet":"max-snippet:-1","max-image-preview":"max-image-preview:large","max-video-preview":"max-video-preview:-1"},"canonical":"https:\/\/mtps.fr\/es\/nuestra-profesion\/actividades\/ingenieria-civil-obras-de-hormigon-especializadas\/","og_locale":"es_ES","og_type":"article","og_title":"Ingenieria civil, obras de hormigon especializadas - MTPS","og_description":"Diferentes tipos de obras: construcciones artisticas obras hidraulicas obras maritimas obras de carretera varias redes embalses muros de contencion","og_url":"https:\/\/mtps.fr\/es\/nuestra-profesion\/actividades\/ingenieria-civil-obras-de-hormigon-especializadas\/","og_site_name":"MTPS","article_modified_time":"2026-02-09T10:42:17+00:00","og_image":[{"width":200,"height":291,"url":"https:\/\/mtps.fr\/wp-content\/uploads\/2025\/11\/ouvrage-ba.jpg","type":"image\/jpeg"}],"twitter_card":"summary_large_image","twitter_misc":{"Tiempo de lectura":"1 minuto"},"schema":{"@context":"https:\/\/schema.org","@graph":[{"@type":"WebPage","@id":"https:\/\/mtps.fr\/es\/nuestra-profesion\/actividades\/ingenieria-civil-obras-de-hormigon-especializadas\/","url":"https:\/\/mtps.fr\/es\/nuestra-profesion\/actividades\/ingenieria-civil-obras-de-hormigon-especializadas\/","name":"Ingenieria civil, obras de hormigon especializadas - MTPS","isPartOf":{"@id":"https:\/\/mtps.fr\/es\/#website"},"primaryImageOfPage":{"@id":"https:\/\/mtps.fr\/es\/nuestra-profesion\/actividades\/ingenieria-civil-obras-de-hormigon-especializadas\/#primaryimage"},"image":{"@id":"https:\/\/mtps.fr\/es\/nuestra-profesion\/actividades\/ingenieria-civil-obras-de-hormigon-especializadas\/#primaryimage"},"thumbnailUrl":"https:\/\/mtps.fr\/wp-content\/uploads\/2025\/11\/ouvrage-ba.jpg","datePublished":"2025-11-12T07:56:11+00:00","dateModified":"2026-02-09T10:42:17+00:00","description":"Diferentes tipos de obras: construcciones artisticas obras hidraulicas obras maritimas obras de carretera varias redes embalses muros de contencion","breadcrumb":{"@id":"https:\/\/mtps.fr\/es\/nuestra-profesion\/actividades\/ingenieria-civil-obras-de-hormigon-especializadas\/#breadcrumb"},"inLanguage":"es","potentialAction":[{"@type":"ReadAction","target":["https:\/\/mtps.fr\/es\/nuestra-profesion\/actividades\/ingenieria-civil-obras-de-hormigon-especializadas\/"]}]},{"@type":"ImageObject","inLanguage":"es","@id":"https:\/\/mtps.fr\/es\/nuestra-profesion\/actividades\/ingenieria-civil-obras-de-hormigon-especializadas\/#primaryimage","url":"https:\/\/mtps.fr\/wp-content\/uploads\/2025\/11\/ouvrage-ba.jpg","contentUrl":"https:\/\/mtps.fr\/wp-content\/uploads\/2025\/11\/ouvrage-ba.jpg"},{"@type":"BreadcrumbList","@id":"https:\/\/mtps.fr\/es\/nuestra-profesion\/actividades\/ingenieria-civil-obras-de-hormigon-especializadas\/#breadcrumb","itemListElement":[{"@type":"ListItem","position":1,"name":"Home","item":"https:\/\/mtps.fr\/es\/"},{"@type":"ListItem","position":2,"name":"Nuestra profesi\u00f3n","item":"https:\/\/mtps.fr\/es\/nuestra-profesion\/"},{"@type":"ListItem","position":3,"name":"Actividades","item":"https:\/\/mtps.fr\/es\/nuestra-profesion\/actividades\/"},{"@type":"ListItem","position":4,"name":"Ingenieria civil, obras de hormigon especializadas"}]},{"@type":"WebSite","@id":"https:\/\/mtps.fr\/es\/#website","url":"https:\/\/mtps.fr\/es\/","name":"MTPS : Minage, Travaux Publics & Sp\u00e9ciaux","description":"","publisher":{"@id":"https:\/\/mtps.fr\/es\/#organization"},"potentialAction":[{"@type":"SearchAction","target":{"@type":"EntryPoint","urlTemplate":"https:\/\/mtps.fr\/es\/?s={search_term_string}"},"query-input":{"@type":"PropertyValueSpecification","valueRequired":true,"valueName":"search_term_string"}}],"inLanguage":"es"},{"@type":"Organization","@id":"https:\/\/mtps.fr\/es\/#organization","name":"Site MTPS","url":"https:\/\/mtps.fr\/es\/","logo":{"@type":"ImageObject","inLanguage":"es","@id":"https:\/\/mtps.fr\/es\/#\/schema\/logo\/image\/","url":"https:\/\/mtps.fr\/wp-content\/uploads\/2025\/11\/logo.png","contentUrl":"https:\/\/mtps.fr\/wp-content\/uploads\/2025\/11\/logo.png","width":360,"height":143,"caption":"Site MTPS"},"image":{"@id":"https:\/\/mtps.fr\/es\/#\/schema\/logo\/image\/"}}]}},"_links":{"self":[{"href":"https:\/\/mtps.fr\/es\/wp-json\/wp\/v2\/pages\/4130","targetHints":{"allow":["GET"]}}],"collection":[{"href":"https:\/\/mtps.fr\/es\/wp-json\/wp\/v2\/pages"}],"about":[{"href":"https:\/\/mtps.fr\/es\/wp-json\/wp\/v2\/types\/page"}],"author":[{"embeddable":true,"href":"https:\/\/mtps.fr\/es\/wp-json\/wp\/v2\/users\/1"}],"replies":[{"embeddable":true,"href":"https:\/\/mtps.fr\/es\/wp-json\/wp\/v2\/comments?post=4130"}],"version-history":[{"count":0,"href":"https:\/\/mtps.fr\/es\/wp-json\/wp\/v2\/pages\/4130\/revisions"}],"up":[{"embeddable":true,"href":"https:\/\/mtps.fr\/es\/wp-json\/wp\/v2\/pages\/4053"}],"wp:attachment":[{"href":"https:\/\/mtps.fr\/es\/wp-json\/wp\/v2\/media?parent=4130"}],"curies":[{"name":"wp","href":"https:\/\/api.w.org\/{rel}","templated":true}]}}