{"id":4053,"date":"2025-11-12T08:59:03","date_gmt":"2025-11-12T07:59:03","guid":{"rendered":"https:\/\/mtps.fr\/nuestra-profesion\/actividades\/"},"modified":"2026-02-09T12:01:28","modified_gmt":"2026-02-09T11:01:28","slug":"actividades","status":"publish","type":"page","link":"https:\/\/mtps.fr\/es\/nuestra-profesion\/actividades\/","title":{"rendered":"Actividades"},"content":{"rendered":"<div class=\"wp-block-image\">\n<figure class=\"aligncenter size-full\"><img loading=\"lazy\" decoding=\"async\" width=\"599\" height=\"57\" src=\"https:\/\/mtps.fr\/wp-content\/uploads\/2025\/11\/interventions-mtps-Modifie.png\" alt=\"\" class=\"wp-image-3813\" srcset=\"https:\/\/mtps.fr\/wp-content\/uploads\/2025\/11\/interventions-mtps-Modifie.png 599w, https:\/\/mtps.fr\/wp-content\/uploads\/2025\/11\/interventions-mtps-Modifie-300x29.png 300w\" sizes=\"auto, (max-width: 599px) 100vw, 599px\" \/><\/figure>\n<\/div>\n<h3 class=\"wp-block-heading has-text-color has-link-color wp-elements-26495eeb3a2102de1d48b93fe8d4de04\" style=\"color:#ffe800\">Nuestra empresa abarca varia areas de actividad : <\/h3>\n\n<p>minado de grandes y peque\u00f1as masas en galer\u00eda y a cielo abierto, alba\u00f1iler\u00eda y rehabilitaci\u00f3n de obras de arte, enrochements, Sout\u00e8nements especiales, stabilisations de terreno<\/p>\n\n<ul class=\"wp-block-list\">\n<li>muros de sostenimiento especificos<\/li>\n\n\n\n<li>cimientos especificos<\/li>\n\n\n\n<li>estabilizacion de estructuras y suelos<\/li>\n\n\n\n<li>obras de reforzamiento<\/li>\n\n\n\n<li>cimientos de edificios<\/li>\n\n\n\n<li>obras subterraneas<\/li>\n\n\n\n<li>tratamiento y rehabilitacion de galerias<\/li>\n\n\n\n<li>obras de voladura<\/li>\n\n\n\n<li>excavaciones t\u00e9cnicas<\/li>\n\n\n\n<li>rehabilitacion de obras industriales y de voladura<\/li>\n\n\n\n<li>obras publicas en altura o en zonas de dificil acceso<\/li>\n\n\n\n<li>construcciones artisticas<\/li>\n\n\n\n<li>obras hidrolicas sobre rios y pantano<\/li>\n<\/ul>\n\n<div class=\"wp-block-columns is-layout-flex wp-container-core-columns-is-layout-9d6595d7 wp-block-columns-is-layout-flex\">\n<div class=\"wp-block-column is-layout-flow wp-block-column-is-layout-flow\"><div class=\"wp-block-image\">\n<figure class=\"aligncenter size-full\"><img loading=\"lazy\" decoding=\"async\" width=\"185\" height=\"300\" src=\"https:\/\/mtps.fr\/wp-content\/uploads\/2025\/11\/techniques-interventions-chantiers1-Modifie.png\" alt=\"\" class=\"wp-image-3814\"\/><\/figure>\n<\/div><\/div>\n\n\n\n<div class=\"wp-block-column is-layout-flow wp-block-column-is-layout-flow\">\n<h3 class=\"wp-block-heading has-text-color has-link-color wp-elements-f605e193e626fa247176f913618751e6\" style=\"color:#ffe800\">Para ello, dominamos las siguientes t\u00e9cnicas :<\/h3>\n\n\n\n<ul class=\"wp-block-list\">\n<li>aplicacion de selladores IRS y IGU<\/li>\n\n\n\n<li>anclajes sellados (IGU y IRS)<\/li>\n\n\n\n<li>fijacion con pernos temporal o definitiva<\/li>\n\n\n\n<li>micropilotes y pilotes con aplicacion de sellador IGU y IRS por gravedad<\/li>\n\n\n\n<li>Jet-Grouting<\/li>\n\n\n\n<li>inyecciones a baja y alta presion<\/li>\n\n\n\n<li>revestimientos de hormigon proyectado por via seca y humeda<\/li>\n\n\n\n<li>drenajes subhorizontales<\/li>\n\n\n\n<li>hormigon armado<\/li>\n\n\n\n<li>voladura de masas en peque\u00f1a o grande escala a cielo abierto o en galerias<\/li>\n\n\n\n<li>obras de excavacion de cualquier tipo<\/li>\n\n\n\n<li>enrocamientos<\/li>\n\n\n\n<li>muros de gaviones<\/li>\n\n\n\n<li>tendido de redes el\u00e9ctricas<\/li>\n\n\n\n<li>obras en espacios confinados<\/li>\n\n\n\n<li>alba\u00f1ileria y restauracion de construcciones artisticas<\/li>\n\n\n\n<li>rehabilitacion de sitios industriales o mineros a cielo abierto o en galerias<\/li>\n\n\n\n<li>instalacion de redes, mallas metalicas y pantallas,<\/li>\n\n\n\n<li>obras en zonas monta\u00f1osas y en zonas de dificil acceso<\/li>\n<\/ul>\n<\/div>\n<\/div>\n","protected":false},"excerpt":{"rendered":"<p>Nuestra empresa abarca varia areas de actividad : minado de grandes y peque\u00f1as masas en galer\u00eda y a cielo abierto, alba\u00f1iler\u00eda y rehabilitaci\u00f3n de obras de arte, enrochements, Sout\u00e8nements especiales, stabilisations de terreno Para ello, dominamos las siguientes t\u00e9cnicas :<\/p>\n","protected":false},"author":1,"featured_media":0,"parent":4048,"menu_order":0,"comment_status":"closed","ping_status":"closed","template":"page-sidebar-activite.php","meta":{"_acf_changed":false,"footnotes":""},"class_list":["post-4053","page","type-page","status-publish","hentry"],"acf":[],"yoast_head":"<!-- This site is optimized with the Yoast SEO plugin v27.3 - https:\/\/yoast.com\/product\/yoast-seo-wordpress\/ -->\n<title>Actividades - MTPS<\/title>\n<meta name=\"description\" content=\"Nuestra empresa abarca varia areas de actividad : minado de grandes y peque\u00f1as masas en galer\u00eda y a cielo abierto, alba\u00f1iler\u00eda y rehabilitaci\u00f3n de obras\" \/>\n<meta name=\"robots\" content=\"index, follow, max-snippet:-1, max-image-preview:large, max-video-preview:-1\" \/>\n<link rel=\"canonical\" href=\"https:\/\/mtps.fr\/es\/nuestra-profesion\/actividades\/\" \/>\n<meta property=\"og:locale\" content=\"es_ES\" \/>\n<meta property=\"og:type\" content=\"article\" \/>\n<meta property=\"og:title\" content=\"Actividades - MTPS\" \/>\n<meta property=\"og:description\" content=\"Nuestra empresa abarca varia areas de actividad : minado de grandes y peque\u00f1as masas en galer\u00eda y a cielo abierto, alba\u00f1iler\u00eda y rehabilitaci\u00f3n de obras\" \/>\n<meta property=\"og:url\" content=\"https:\/\/mtps.fr\/es\/nuestra-profesion\/actividades\/\" \/>\n<meta property=\"og:site_name\" content=\"MTPS\" \/>\n<meta property=\"article:modified_time\" content=\"2026-02-09T11:01:28+00:00\" \/>\n<meta property=\"og:image\" content=\"https:\/\/mtps.fr\/wp-content\/uploads\/2025\/11\/interventions-mtps-Modifie.png\" \/>\n\t<meta property=\"og:image:width\" content=\"599\" \/>\n\t<meta property=\"og:image:height\" content=\"57\" \/>\n\t<meta property=\"og:image:type\" content=\"image\/png\" \/>\n<meta name=\"twitter:card\" content=\"summary_large_image\" \/>\n<meta name=\"twitter:label1\" content=\"Tiempo de lectura\" \/>\n\t<meta name=\"twitter:data1\" content=\"1 minuto\" \/>\n<script type=\"application\/ld+json\" class=\"yoast-schema-graph\">{\"@context\":\"https:\\\/\\\/schema.org\",\"@graph\":[{\"@type\":\"WebPage\",\"@id\":\"https:\\\/\\\/mtps.fr\\\/es\\\/nuestra-profesion\\\/actividades\\\/\",\"url\":\"https:\\\/\\\/mtps.fr\\\/es\\\/nuestra-profesion\\\/actividades\\\/\",\"name\":\"Actividades - MTPS\",\"isPartOf\":{\"@id\":\"https:\\\/\\\/mtps.fr\\\/es\\\/#website\"},\"primaryImageOfPage\":{\"@id\":\"https:\\\/\\\/mtps.fr\\\/es\\\/nuestra-profesion\\\/actividades\\\/#primaryimage\"},\"image\":{\"@id\":\"https:\\\/\\\/mtps.fr\\\/es\\\/nuestra-profesion\\\/actividades\\\/#primaryimage\"},\"thumbnailUrl\":\"https:\\\/\\\/mtps.fr\\\/wp-content\\\/uploads\\\/2025\\\/11\\\/interventions-mtps-Modifie.png\",\"datePublished\":\"2025-11-12T07:59:03+00:00\",\"dateModified\":\"2026-02-09T11:01:28+00:00\",\"description\":\"Nuestra empresa abarca varia areas de actividad : minado de grandes y peque\u00f1as masas en galer\u00eda y a cielo abierto, alba\u00f1iler\u00eda y rehabilitaci\u00f3n de obras\",\"breadcrumb\":{\"@id\":\"https:\\\/\\\/mtps.fr\\\/es\\\/nuestra-profesion\\\/actividades\\\/#breadcrumb\"},\"inLanguage\":\"es\",\"potentialAction\":[{\"@type\":\"ReadAction\",\"target\":[\"https:\\\/\\\/mtps.fr\\\/es\\\/nuestra-profesion\\\/actividades\\\/\"]}]},{\"@type\":\"ImageObject\",\"inLanguage\":\"es\",\"@id\":\"https:\\\/\\\/mtps.fr\\\/es\\\/nuestra-profesion\\\/actividades\\\/#primaryimage\",\"url\":\"https:\\\/\\\/mtps.fr\\\/wp-content\\\/uploads\\\/2025\\\/11\\\/interventions-mtps-Modifie.png\",\"contentUrl\":\"https:\\\/\\\/mtps.fr\\\/wp-content\\\/uploads\\\/2025\\\/11\\\/interventions-mtps-Modifie.png\"},{\"@type\":\"BreadcrumbList\",\"@id\":\"https:\\\/\\\/mtps.fr\\\/es\\\/nuestra-profesion\\\/actividades\\\/#breadcrumb\",\"itemListElement\":[{\"@type\":\"ListItem\",\"position\":1,\"name\":\"Home\",\"item\":\"https:\\\/\\\/mtps.fr\\\/es\\\/\"},{\"@type\":\"ListItem\",\"position\":2,\"name\":\"Nuestra profesi\u00f3n\",\"item\":\"https:\\\/\\\/mtps.fr\\\/es\\\/nuestra-profesion\\\/\"},{\"@type\":\"ListItem\",\"position\":3,\"name\":\"Actividades\"}]},{\"@type\":\"WebSite\",\"@id\":\"https:\\\/\\\/mtps.fr\\\/es\\\/#website\",\"url\":\"https:\\\/\\\/mtps.fr\\\/es\\\/\",\"name\":\"MTPS : Minage, Travaux Publics & Sp\u00e9ciaux\",\"description\":\"\",\"publisher\":{\"@id\":\"https:\\\/\\\/mtps.fr\\\/es\\\/#organization\"},\"potentialAction\":[{\"@type\":\"SearchAction\",\"target\":{\"@type\":\"EntryPoint\",\"urlTemplate\":\"https:\\\/\\\/mtps.fr\\\/es\\\/?s={search_term_string}\"},\"query-input\":{\"@type\":\"PropertyValueSpecification\",\"valueRequired\":true,\"valueName\":\"search_term_string\"}}],\"inLanguage\":\"es\"},{\"@type\":\"Organization\",\"@id\":\"https:\\\/\\\/mtps.fr\\\/es\\\/#organization\",\"name\":\"Site MTPS\",\"url\":\"https:\\\/\\\/mtps.fr\\\/es\\\/\",\"logo\":{\"@type\":\"ImageObject\",\"inLanguage\":\"es\",\"@id\":\"https:\\\/\\\/mtps.fr\\\/es\\\/#\\\/schema\\\/logo\\\/image\\\/\",\"url\":\"https:\\\/\\\/mtps.fr\\\/wp-content\\\/uploads\\\/2025\\\/11\\\/logo.png\",\"contentUrl\":\"https:\\\/\\\/mtps.fr\\\/wp-content\\\/uploads\\\/2025\\\/11\\\/logo.png\",\"width\":360,\"height\":143,\"caption\":\"Site MTPS\"},\"image\":{\"@id\":\"https:\\\/\\\/mtps.fr\\\/es\\\/#\\\/schema\\\/logo\\\/image\\\/\"}}]}<\/script>\n<!-- \/ Yoast SEO plugin. -->","yoast_head_json":{"title":"Actividades - MTPS","description":"Nuestra empresa abarca varia areas de actividad : minado de grandes y peque\u00f1as masas en galer\u00eda y a cielo abierto, alba\u00f1iler\u00eda y rehabilitaci\u00f3n de obras","robots":{"index":"index","follow":"follow","max-snippet":"max-snippet:-1","max-image-preview":"max-image-preview:large","max-video-preview":"max-video-preview:-1"},"canonical":"https:\/\/mtps.fr\/es\/nuestra-profesion\/actividades\/","og_locale":"es_ES","og_type":"article","og_title":"Actividades - MTPS","og_description":"Nuestra empresa abarca varia areas de actividad : minado de grandes y peque\u00f1as masas en galer\u00eda y a cielo abierto, alba\u00f1iler\u00eda y rehabilitaci\u00f3n de obras","og_url":"https:\/\/mtps.fr\/es\/nuestra-profesion\/actividades\/","og_site_name":"MTPS","article_modified_time":"2026-02-09T11:01:28+00:00","og_image":[{"width":599,"height":57,"url":"https:\/\/mtps.fr\/wp-content\/uploads\/2025\/11\/interventions-mtps-Modifie.png","type":"image\/png"}],"twitter_card":"summary_large_image","twitter_misc":{"Tiempo de lectura":"1 minuto"},"schema":{"@context":"https:\/\/schema.org","@graph":[{"@type":"WebPage","@id":"https:\/\/mtps.fr\/es\/nuestra-profesion\/actividades\/","url":"https:\/\/mtps.fr\/es\/nuestra-profesion\/actividades\/","name":"Actividades - MTPS","isPartOf":{"@id":"https:\/\/mtps.fr\/es\/#website"},"primaryImageOfPage":{"@id":"https:\/\/mtps.fr\/es\/nuestra-profesion\/actividades\/#primaryimage"},"image":{"@id":"https:\/\/mtps.fr\/es\/nuestra-profesion\/actividades\/#primaryimage"},"thumbnailUrl":"https:\/\/mtps.fr\/wp-content\/uploads\/2025\/11\/interventions-mtps-Modifie.png","datePublished":"2025-11-12T07:59:03+00:00","dateModified":"2026-02-09T11:01:28+00:00","description":"Nuestra empresa abarca varia areas de actividad : minado de grandes y peque\u00f1as masas en galer\u00eda y a cielo abierto, alba\u00f1iler\u00eda y rehabilitaci\u00f3n de obras","breadcrumb":{"@id":"https:\/\/mtps.fr\/es\/nuestra-profesion\/actividades\/#breadcrumb"},"inLanguage":"es","potentialAction":[{"@type":"ReadAction","target":["https:\/\/mtps.fr\/es\/nuestra-profesion\/actividades\/"]}]},{"@type":"ImageObject","inLanguage":"es","@id":"https:\/\/mtps.fr\/es\/nuestra-profesion\/actividades\/#primaryimage","url":"https:\/\/mtps.fr\/wp-content\/uploads\/2025\/11\/interventions-mtps-Modifie.png","contentUrl":"https:\/\/mtps.fr\/wp-content\/uploads\/2025\/11\/interventions-mtps-Modifie.png"},{"@type":"BreadcrumbList","@id":"https:\/\/mtps.fr\/es\/nuestra-profesion\/actividades\/#breadcrumb","itemListElement":[{"@type":"ListItem","position":1,"name":"Home","item":"https:\/\/mtps.fr\/es\/"},{"@type":"ListItem","position":2,"name":"Nuestra profesi\u00f3n","item":"https:\/\/mtps.fr\/es\/nuestra-profesion\/"},{"@type":"ListItem","position":3,"name":"Actividades"}]},{"@type":"WebSite","@id":"https:\/\/mtps.fr\/es\/#website","url":"https:\/\/mtps.fr\/es\/","name":"MTPS : Minage, Travaux Publics & Sp\u00e9ciaux","description":"","publisher":{"@id":"https:\/\/mtps.fr\/es\/#organization"},"potentialAction":[{"@type":"SearchAction","target":{"@type":"EntryPoint","urlTemplate":"https:\/\/mtps.fr\/es\/?s={search_term_string}"},"query-input":{"@type":"PropertyValueSpecification","valueRequired":true,"valueName":"search_term_string"}}],"inLanguage":"es"},{"@type":"Organization","@id":"https:\/\/mtps.fr\/es\/#organization","name":"Site MTPS","url":"https:\/\/mtps.fr\/es\/","logo":{"@type":"ImageObject","inLanguage":"es","@id":"https:\/\/mtps.fr\/es\/#\/schema\/logo\/image\/","url":"https:\/\/mtps.fr\/wp-content\/uploads\/2025\/11\/logo.png","contentUrl":"https:\/\/mtps.fr\/wp-content\/uploads\/2025\/11\/logo.png","width":360,"height":143,"caption":"Site MTPS"},"image":{"@id":"https:\/\/mtps.fr\/es\/#\/schema\/logo\/image\/"}}]}},"_links":{"self":[{"href":"https:\/\/mtps.fr\/es\/wp-json\/wp\/v2\/pages\/4053","targetHints":{"allow":["GET"]}}],"collection":[{"href":"https:\/\/mtps.fr\/es\/wp-json\/wp\/v2\/pages"}],"about":[{"href":"https:\/\/mtps.fr\/es\/wp-json\/wp\/v2\/types\/page"}],"author":[{"embeddable":true,"href":"https:\/\/mtps.fr\/es\/wp-json\/wp\/v2\/users\/1"}],"replies":[{"embeddable":true,"href":"https:\/\/mtps.fr\/es\/wp-json\/wp\/v2\/comments?post=4053"}],"version-history":[{"count":0,"href":"https:\/\/mtps.fr\/es\/wp-json\/wp\/v2\/pages\/4053\/revisions"}],"up":[{"embeddable":true,"href":"https:\/\/mtps.fr\/es\/wp-json\/wp\/v2\/pages\/4048"}],"wp:attachment":[{"href":"https:\/\/mtps.fr\/es\/wp-json\/wp\/v2\/media?parent=4053"}],"curies":[{"name":"wp","href":"https:\/\/api.w.org\/{rel}","templated":true}]}}