{"id":148,"date":"2025-09-29T15:59:11","date_gmt":"2025-09-29T13:59:11","guid":{"rendered":"https:\/\/mtps.fr\/quienes-somos\/"},"modified":"2025-10-23T11:29:45","modified_gmt":"2025-10-23T09:29:45","slug":"quienes-somos","status":"publish","type":"page","link":"https:\/\/mtps.fr\/es\/quienes-somos\/","title":{"rendered":"Qui\u00e9nes somos"},"content":{"rendered":"\n<p>Por medio siglo las obras especializadas han sido nuestro ambiente, y a ello hemos dedicado diariamente nuestros esfuerzos. Creemos que ninguna obra es parecida a otra, y cada una es por si un desafio.Tales desafios son nuestra pasion.  <\/p>\n\n<div class=\"wp-block-media-text is-stacked-on-mobile materiel_qsn\" style=\"grid-template-columns:26% auto\"><figure class=\"wp-block-media-text__media\"><img loading=\"lazy\" decoding=\"async\" width=\"164\" height=\"247\" src=\"https:\/\/mtps.fr\/wp-content\/uploads\/2025\/09\/chantier-mtps.jpg\" alt=\"\" class=\"wp-image-33 size-full\"\/><\/figure><div class=\"wp-block-media-text__content\">\n<p>Gracias a la experiencia adquirida durante estos a\u00f1os y al uso de materiales de ultima generacion dise\u00f1ados especificamente, los Hombres y Mujeres de MTPS realizan sus obras con un dinamismo que nunca vacila.<\/p>\n\n\n\n<p>Innovando encontramos soluciones adaptadas para cada situacion. No dejamos que surja ningun imprevisto: las obligaciones de accesibilidad, factibilidad, seguridad, las relacionadas con el medio ambiente o las economicas son constantemente analizadas para responder a cada problematica. <\/p>\n\n\n\n<p>Si se encuentra frente a una obra que le parece dificil, muy dificil o hasta imposible de realizar, consultenos y juntos encontraremos la mejor solucion.<\/p>\n<\/div><\/div>\n\n<div class=\"wp-block-group intervention\"><div class=\"wp-block-group__inner-container is-layout-constrained wp-block-group-is-layout-constrained\">\n<h2 class=\"wp-block-heading has-text-align-center\">Nuestras zonas de intervencion\u2026<\/h2>\n\n\n\n<p>Los empleados de MTPS estamos listos para intervenir en cualquier punto del Hexagono. El Macizo Central, el Suroeste y el Sur del pais son zonas que conocemos bien y donde trabajamos con frecuencia. De producirse el caso, tenemos capacidad para llevar a cabo misiones en el extranjero.  <\/p>\n<\/div><\/div>\n\n<div class=\"wp-block-cp-timeline-content-timeline Cool-Content-Timeline\"><div class=\"cool-timeline-block-5350af5c-2718-49df-90c0-646307caa252\"><style>.cool-timeline-block-5350af5c-2718-49df-90c0-646307caa252 .cool-vertical-timeline-body{--ctlb-icon-color: #ffe800;--ctlb-heading-color: #000000;--ctlb-sub-heading-color: #000000;--ctlb-line-color: #ffe800;--ctlb-icon-bg: #ffe800;--ctlb-story-border-color: #ffe800;}<\/style><div class=\"cool-vertical-timeline-body ctlb-wrapper both-sided left\"><div class=\"cool-timeline-block-list\">\n<div class=\"wp-block-cp-timeline-content-timeline-child swiper-slide\"><div class=\"timeline-content icon-false \"><div class=\"timeline-block-timeline ctl-row  position-right\"><div class=\"ctl-6 timeline-block-time\"><div class=\"story-time\"><p>1965<\/p><\/div><\/div><div class=\"timeline-block-icon\"><svg stroke=\"currentColor\" fill=\"currentColor\" stroke-width=\"0\" viewBox=\"0 0 512 512\" height=\"1em\" width=\"1em\" xmlns=\"http:\/\/www.w3.org\/2000\/svg\"><path d=\"M256 8C119 8 8 119 8 256s111 248 248 248 248-111 248-248S393 8 256 8z\"><\/path><\/svg><\/div><div class=\"ctl-6 timeline-block-detail\"><div class=\"story-details\"><div class=\"story-content\">\n<figure class=\"wp-block-image size-full is-resized ctlb-block-image\"><img loading=\"lazy\" decoding=\"async\" width=\"56\" height=\"68\" src=\"https:\/\/mtps.fr\/wp-content\/uploads\/2025\/09\/norbert-carayol.jpg\" alt=\"\" class=\"wp-image-35\" style=\"aspect-ratio:1.3333333333333333;object-fit:contain;width:153px;height:auto\"\/><\/figure>\n\n\n\n<p class=\"ctlb-block-desc\" style=\"padding-top:0px;padding-right:0px;padding-bottom:0px;padding-left:0px\">Norbert CARAYOL crea la empresa de obras publicas CARAYOL TP.<\/p>\n<\/div><\/div><\/div><\/div><\/div><\/div>\n\n\n\n<div class=\"wp-block-cp-timeline-content-timeline-child swiper-slide\"><div class=\"timeline-content icon-false \"><div class=\"timeline-block-timeline ctl-row  position-left\"><div class=\"ctl-6 timeline-block-time\"><div class=\"story-time\"><p>1980<\/p><\/div><\/div><div class=\"timeline-block-icon\"><svg stroke=\"currentColor\" fill=\"currentColor\" stroke-width=\"0\" viewBox=\"0 0 512 512\" height=\"1em\" width=\"1em\" xmlns=\"http:\/\/www.w3.org\/2000\/svg\"><path d=\"M256 8C119 8 8 119 8 256s111 248 248 248 248-111 248-248S393 8 256 8z\"><\/path><\/svg><\/div><div class=\"ctl-6 timeline-block-detail\"><div class=\"story-details\"><div class=\"story-content\">\n<figure class=\"wp-block-image size-full is-resized ctlb-block-image\"><img loading=\"lazy\" decoding=\"async\" width=\"62\" height=\"78\" src=\"https:\/\/mtps.fr\/wp-content\/uploads\/2025\/09\/philippe-carayol.jpg\" alt=\"\" class=\"wp-image-36\" style=\"aspect-ratio:1.3333333333333333;object-fit:contain;width:183px;height:auto\"\/><\/figure>\n\n\n\n<p class=\"ctlb-block-desc\" style=\"padding-top:0px;padding-right:0px;padding-bottom:0px;padding-left:0px\">Philippe CARAYOL ingresaron en la empresa familial.<\/p>\n<\/div><\/div><\/div><\/div><\/div><\/div>\n\n\n\n<div class=\"wp-block-cp-timeline-content-timeline-child swiper-slide\"><div class=\"timeline-content icon-false \"><div class=\"timeline-block-timeline ctl-row  position-right\"><div class=\"ctl-6 timeline-block-time\"><div class=\"story-time\"><p>1994<\/p><\/div><\/div><div class=\"timeline-block-icon\"><svg stroke=\"currentColor\" fill=\"currentColor\" stroke-width=\"0\" viewBox=\"0 0 512 512\" height=\"1em\" width=\"1em\" xmlns=\"http:\/\/www.w3.org\/2000\/svg\"><path d=\"M256 8C119 8 8 119 8 256s111 248 248 248 248-111 248-248S393 8 256 8z\"><\/path><\/svg><\/div><div class=\"ctl-6 timeline-block-detail\"><div class=\"story-details\"><div class=\"story-content\">\n<figure class=\"wp-block-image size-full is-resized ctlb-block-image\"><img loading=\"lazy\" decoding=\"async\" width=\"65\" height=\"38\" src=\"https:\/\/mtps.fr\/wp-content\/uploads\/2025\/09\/mtps.jpg\" alt=\"\" class=\"wp-image-37\" style=\"aspect-ratio:1.3333333333333333;object-fit:cover;width:103px;height:auto\"\/><\/figure>\n\n\n\n<p class=\"ctlb-block-desc\" style=\"padding-top:0px;padding-right:0px;padding-bottom:0px;padding-left:0px\">CARAYOL TP reune su actividad Obras Speciales en la estructura MTPS.<\/p>\n<\/div><\/div><\/div><\/div><\/div><\/div>\n\n\n\n<div class=\"wp-block-cp-timeline-content-timeline-child swiper-slide\"><div class=\"timeline-content icon-false \"><div class=\"timeline-block-timeline ctl-row  position-left\"><div class=\"ctl-6 timeline-block-time\"><div class=\"story-time\"><p>1995<\/p><\/div><\/div><div class=\"timeline-block-icon\"><svg stroke=\"currentColor\" fill=\"currentColor\" stroke-width=\"0\" viewBox=\"0 0 512 512\" height=\"1em\" width=\"1em\" xmlns=\"http:\/\/www.w3.org\/2000\/svg\"><path d=\"M256 8C119 8 8 119 8 256s111 248 248 248 248-111 248-248S393 8 256 8z\"><\/path><\/svg><\/div><div class=\"ctl-6 timeline-block-detail\"><div class=\"story-details\"><div class=\"story-content\">\n<figure class=\"wp-block-image size-full is-resized ctlb-block-image\"><img loading=\"lazy\" decoding=\"async\" width=\"60\" height=\"89\" src=\"https:\/\/mtps.fr\/wp-content\/uploads\/2025\/09\/1995.jpg\" alt=\"\" class=\"wp-image-38\" style=\"aspect-ratio:1.3333333333333333;object-fit:contain;width:175px;height:auto\"\/><\/figure>\n\n\n\n<p class=\"ctlb-block-desc\" style=\"padding-top:0px;padding-right:0px;padding-bottom:0px;padding-left:0px\">MTPS desarrolla nuevos equipos de perforaci\u00f3n para la realizaci\u00f3n de anclajes en zonas dif\u00edciles.<\/p>\n<\/div><\/div><\/div><\/div><\/div><\/div>\n\n\n\n<div class=\"wp-block-cp-timeline-content-timeline-child swiper-slide\"><div class=\"timeline-content icon-false \"><div class=\"timeline-block-timeline ctl-row  position-right\"><div class=\"ctl-6 timeline-block-time\"><div class=\"story-time\"><p>2010<\/p><\/div><\/div><div class=\"timeline-block-icon\"><svg stroke=\"currentColor\" fill=\"currentColor\" stroke-width=\"0\" viewBox=\"0 0 512 512\" height=\"1em\" width=\"1em\" xmlns=\"http:\/\/www.w3.org\/2000\/svg\"><path d=\"M256 8C119 8 8 119 8 256s111 248 248 248 248-111 248-248S393 8 256 8z\"><\/path><\/svg><\/div><div class=\"ctl-6 timeline-block-detail\"><div class=\"story-details\"><div class=\"story-content\">\n<h3 class=\"wp-block-heading ctlb-block-title\" style=\"padding-top:0px;padding-right:0px;padding-bottom:0px;padding-left:0px\">\u2026Juntos, construyendo el futuro\u2026<\/h3>\n\n\n\n<p class=\"ctlb-block-desc\" style=\"padding-top:0px;padding-right:0px;padding-bottom:0px;padding-left:0px\"><\/p>\n<\/div><\/div><\/div><\/div><\/div><\/div>\n<\/div><\/div><\/div><\/div>\n","protected":false},"excerpt":{"rendered":"<p>Por medio siglo las obras especializadas han sido nuestro ambiente, y a ello hemos dedicado diariamente nuestros esfuerzos. Creemos que ninguna obra es parecida a otra, y cada una es por si un desafio.Tales desafios son nuestra pasion. Gracias a la experiencia adquirida durante estos a\u00f1os y al uso de materiales de ultima generacion dise\u00f1ados [&hellip;]<\/p>\n","protected":false},"author":1,"featured_media":33,"parent":0,"menu_order":0,"comment_status":"closed","ping_status":"closed","template":"","meta":{"_acf_changed":false,"footnotes":""},"class_list":["post-148","page","type-page","status-publish","has-post-thumbnail","hentry"],"acf":[],"yoast_head":"<!-- This site is optimized with the Yoast SEO plugin v27.3 - https:\/\/yoast.com\/product\/yoast-seo-wordpress\/ -->\n<title>Qui\u00e9nes somos - MTPS<\/title>\n<meta name=\"description\" content=\"Por medio siglo las obras especializadas han sido nuestro ambiente, y a ello hemos dedicado diariamente nuestros esfuerzos. Creemos que ninguna obra es\" \/>\n<meta name=\"robots\" content=\"index, follow, max-snippet:-1, max-image-preview:large, max-video-preview:-1\" \/>\n<link rel=\"canonical\" href=\"https:\/\/mtps.fr\/es\/quienes-somos\/\" \/>\n<meta property=\"og:locale\" content=\"es_ES\" \/>\n<meta property=\"og:type\" content=\"article\" \/>\n<meta property=\"og:title\" content=\"Qui\u00e9nes somos - MTPS\" \/>\n<meta property=\"og:description\" content=\"Por medio siglo las obras especializadas han sido nuestro ambiente, y a ello hemos dedicado diariamente nuestros esfuerzos. Creemos que ninguna obra es\" \/>\n<meta property=\"og:url\" content=\"https:\/\/mtps.fr\/es\/quienes-somos\/\" \/>\n<meta property=\"og:site_name\" content=\"MTPS\" \/>\n<meta property=\"article:modified_time\" content=\"2025-10-23T09:29:45+00:00\" \/>\n<meta property=\"og:image\" content=\"https:\/\/mtps.fr\/wp-content\/uploads\/2025\/09\/chantier-mtps.jpg\" \/>\n\t<meta property=\"og:image:width\" content=\"164\" \/>\n\t<meta property=\"og:image:height\" content=\"247\" \/>\n\t<meta property=\"og:image:type\" content=\"image\/jpeg\" \/>\n<meta name=\"twitter:card\" content=\"summary_large_image\" \/>\n<meta name=\"twitter:label1\" content=\"Tiempo de lectura\" \/>\n\t<meta name=\"twitter:data1\" content=\"1 minuto\" \/>\n<script type=\"application\/ld+json\" class=\"yoast-schema-graph\">{\"@context\":\"https:\\\/\\\/schema.org\",\"@graph\":[{\"@type\":\"WebPage\",\"@id\":\"https:\\\/\\\/mtps.fr\\\/es\\\/quienes-somos\\\/\",\"url\":\"https:\\\/\\\/mtps.fr\\\/es\\\/quienes-somos\\\/\",\"name\":\"Qui\u00e9nes somos - MTPS\",\"isPartOf\":{\"@id\":\"https:\\\/\\\/mtps.fr\\\/es\\\/#website\"},\"primaryImageOfPage\":{\"@id\":\"https:\\\/\\\/mtps.fr\\\/es\\\/quienes-somos\\\/#primaryimage\"},\"image\":{\"@id\":\"https:\\\/\\\/mtps.fr\\\/es\\\/quienes-somos\\\/#primaryimage\"},\"thumbnailUrl\":\"https:\\\/\\\/mtps.fr\\\/wp-content\\\/uploads\\\/2025\\\/09\\\/chantier-mtps.jpg\",\"datePublished\":\"2025-09-29T13:59:11+00:00\",\"dateModified\":\"2025-10-23T09:29:45+00:00\",\"description\":\"Por medio siglo las obras especializadas han sido nuestro ambiente, y a ello hemos dedicado diariamente nuestros esfuerzos. Creemos que ninguna obra es\",\"breadcrumb\":{\"@id\":\"https:\\\/\\\/mtps.fr\\\/es\\\/quienes-somos\\\/#breadcrumb\"},\"inLanguage\":\"es\",\"potentialAction\":[{\"@type\":\"ReadAction\",\"target\":[\"https:\\\/\\\/mtps.fr\\\/es\\\/quienes-somos\\\/\"]}]},{\"@type\":\"ImageObject\",\"inLanguage\":\"es\",\"@id\":\"https:\\\/\\\/mtps.fr\\\/es\\\/quienes-somos\\\/#primaryimage\",\"url\":\"https:\\\/\\\/mtps.fr\\\/wp-content\\\/uploads\\\/2025\\\/09\\\/chantier-mtps.jpg\",\"contentUrl\":\"https:\\\/\\\/mtps.fr\\\/wp-content\\\/uploads\\\/2025\\\/09\\\/chantier-mtps.jpg\",\"width\":164,\"height\":247},{\"@type\":\"BreadcrumbList\",\"@id\":\"https:\\\/\\\/mtps.fr\\\/es\\\/quienes-somos\\\/#breadcrumb\",\"itemListElement\":[{\"@type\":\"ListItem\",\"position\":1,\"name\":\"Home\",\"item\":\"https:\\\/\\\/mtps.fr\\\/es\\\/\"},{\"@type\":\"ListItem\",\"position\":2,\"name\":\"Qui\u00e9nes somos\"}]},{\"@type\":\"WebSite\",\"@id\":\"https:\\\/\\\/mtps.fr\\\/es\\\/#website\",\"url\":\"https:\\\/\\\/mtps.fr\\\/es\\\/\",\"name\":\"MTPS : Minage, Travaux Publics & Sp\u00e9ciaux\",\"description\":\"\",\"publisher\":{\"@id\":\"https:\\\/\\\/mtps.fr\\\/es\\\/#organization\"},\"potentialAction\":[{\"@type\":\"SearchAction\",\"target\":{\"@type\":\"EntryPoint\",\"urlTemplate\":\"https:\\\/\\\/mtps.fr\\\/es\\\/?s={search_term_string}\"},\"query-input\":{\"@type\":\"PropertyValueSpecification\",\"valueRequired\":true,\"valueName\":\"search_term_string\"}}],\"inLanguage\":\"es\"},{\"@type\":\"Organization\",\"@id\":\"https:\\\/\\\/mtps.fr\\\/es\\\/#organization\",\"name\":\"Site MTPS\",\"url\":\"https:\\\/\\\/mtps.fr\\\/es\\\/\",\"logo\":{\"@type\":\"ImageObject\",\"inLanguage\":\"es\",\"@id\":\"https:\\\/\\\/mtps.fr\\\/es\\\/#\\\/schema\\\/logo\\\/image\\\/\",\"url\":\"https:\\\/\\\/mtps.fr\\\/wp-content\\\/uploads\\\/2025\\\/11\\\/logo.png\",\"contentUrl\":\"https:\\\/\\\/mtps.fr\\\/wp-content\\\/uploads\\\/2025\\\/11\\\/logo.png\",\"width\":360,\"height\":143,\"caption\":\"Site MTPS\"},\"image\":{\"@id\":\"https:\\\/\\\/mtps.fr\\\/es\\\/#\\\/schema\\\/logo\\\/image\\\/\"}}]}<\/script>\n<!-- \/ Yoast SEO plugin. -->","yoast_head_json":{"title":"Qui\u00e9nes somos - MTPS","description":"Por medio siglo las obras especializadas han sido nuestro ambiente, y a ello hemos dedicado diariamente nuestros esfuerzos. Creemos que ninguna obra es","robots":{"index":"index","follow":"follow","max-snippet":"max-snippet:-1","max-image-preview":"max-image-preview:large","max-video-preview":"max-video-preview:-1"},"canonical":"https:\/\/mtps.fr\/es\/quienes-somos\/","og_locale":"es_ES","og_type":"article","og_title":"Qui\u00e9nes somos - MTPS","og_description":"Por medio siglo las obras especializadas han sido nuestro ambiente, y a ello hemos dedicado diariamente nuestros esfuerzos. Creemos que ninguna obra es","og_url":"https:\/\/mtps.fr\/es\/quienes-somos\/","og_site_name":"MTPS","article_modified_time":"2025-10-23T09:29:45+00:00","og_image":[{"width":164,"height":247,"url":"https:\/\/mtps.fr\/wp-content\/uploads\/2025\/09\/chantier-mtps.jpg","type":"image\/jpeg"}],"twitter_card":"summary_large_image","twitter_misc":{"Tiempo de lectura":"1 minuto"},"schema":{"@context":"https:\/\/schema.org","@graph":[{"@type":"WebPage","@id":"https:\/\/mtps.fr\/es\/quienes-somos\/","url":"https:\/\/mtps.fr\/es\/quienes-somos\/","name":"Qui\u00e9nes somos - MTPS","isPartOf":{"@id":"https:\/\/mtps.fr\/es\/#website"},"primaryImageOfPage":{"@id":"https:\/\/mtps.fr\/es\/quienes-somos\/#primaryimage"},"image":{"@id":"https:\/\/mtps.fr\/es\/quienes-somos\/#primaryimage"},"thumbnailUrl":"https:\/\/mtps.fr\/wp-content\/uploads\/2025\/09\/chantier-mtps.jpg","datePublished":"2025-09-29T13:59:11+00:00","dateModified":"2025-10-23T09:29:45+00:00","description":"Por medio siglo las obras especializadas han sido nuestro ambiente, y a ello hemos dedicado diariamente nuestros esfuerzos. Creemos que ninguna obra es","breadcrumb":{"@id":"https:\/\/mtps.fr\/es\/quienes-somos\/#breadcrumb"},"inLanguage":"es","potentialAction":[{"@type":"ReadAction","target":["https:\/\/mtps.fr\/es\/quienes-somos\/"]}]},{"@type":"ImageObject","inLanguage":"es","@id":"https:\/\/mtps.fr\/es\/quienes-somos\/#primaryimage","url":"https:\/\/mtps.fr\/wp-content\/uploads\/2025\/09\/chantier-mtps.jpg","contentUrl":"https:\/\/mtps.fr\/wp-content\/uploads\/2025\/09\/chantier-mtps.jpg","width":164,"height":247},{"@type":"BreadcrumbList","@id":"https:\/\/mtps.fr\/es\/quienes-somos\/#breadcrumb","itemListElement":[{"@type":"ListItem","position":1,"name":"Home","item":"https:\/\/mtps.fr\/es\/"},{"@type":"ListItem","position":2,"name":"Qui\u00e9nes somos"}]},{"@type":"WebSite","@id":"https:\/\/mtps.fr\/es\/#website","url":"https:\/\/mtps.fr\/es\/","name":"MTPS : Minage, Travaux Publics & Sp\u00e9ciaux","description":"","publisher":{"@id":"https:\/\/mtps.fr\/es\/#organization"},"potentialAction":[{"@type":"SearchAction","target":{"@type":"EntryPoint","urlTemplate":"https:\/\/mtps.fr\/es\/?s={search_term_string}"},"query-input":{"@type":"PropertyValueSpecification","valueRequired":true,"valueName":"search_term_string"}}],"inLanguage":"es"},{"@type":"Organization","@id":"https:\/\/mtps.fr\/es\/#organization","name":"Site MTPS","url":"https:\/\/mtps.fr\/es\/","logo":{"@type":"ImageObject","inLanguage":"es","@id":"https:\/\/mtps.fr\/es\/#\/schema\/logo\/image\/","url":"https:\/\/mtps.fr\/wp-content\/uploads\/2025\/11\/logo.png","contentUrl":"https:\/\/mtps.fr\/wp-content\/uploads\/2025\/11\/logo.png","width":360,"height":143,"caption":"Site MTPS"},"image":{"@id":"https:\/\/mtps.fr\/es\/#\/schema\/logo\/image\/"}}]}},"_links":{"self":[{"href":"https:\/\/mtps.fr\/es\/wp-json\/wp\/v2\/pages\/148","targetHints":{"allow":["GET"]}}],"collection":[{"href":"https:\/\/mtps.fr\/es\/wp-json\/wp\/v2\/pages"}],"about":[{"href":"https:\/\/mtps.fr\/es\/wp-json\/wp\/v2\/types\/page"}],"author":[{"embeddable":true,"href":"https:\/\/mtps.fr\/es\/wp-json\/wp\/v2\/users\/1"}],"replies":[{"embeddable":true,"href":"https:\/\/mtps.fr\/es\/wp-json\/wp\/v2\/comments?post=148"}],"version-history":[{"count":0,"href":"https:\/\/mtps.fr\/es\/wp-json\/wp\/v2\/pages\/148\/revisions"}],"wp:featuredmedia":[{"embeddable":true,"href":"https:\/\/mtps.fr\/es\/wp-json\/wp\/v2\/media\/33"}],"wp:attachment":[{"href":"https:\/\/mtps.fr\/es\/wp-json\/wp\/v2\/media?parent=148"}],"curies":[{"name":"wp","href":"https:\/\/api.w.org\/{rel}","templated":true}]}}